{"id":310,"date":"2021-11-04T10:21:53","date_gmt":"2021-11-04T10:21:53","guid":{"rendered":"https:\/\/www.sar-consulting.eu\/about\/"},"modified":"2023-05-27T08:32:49","modified_gmt":"2023-05-27T08:32:49","slug":"about","status":"publish","type":"page","link":"https:\/\/www.sar-consulting.eu\/sv\/om\/","title":{"rendered":"Om"},"content":{"rendered":"<div data-elementor-type=\"wp-page\" data-elementor-id=\"310\" class=\"elementor elementor-310\">\n\t\t\t\t\t\t\t\t\t<section class=\"elementor-section elementor-top-section elementor-element elementor-element-e9dcefa elementor-section-height-min-height elementor-section-boxed elementor-section-height-default elementor-section-items-middle\" data-id=\"e9dcefa\" data-element_type=\"section\" data-settings=\"{&quot;background_background&quot;:&quot;classic&quot;}\">\n\t\t\t\t\t\t\t<div class=\"elementor-background-overlay\"><\/div>\n\t\t\t\t\t\t\t<div class=\"elementor-container elementor-column-gap-no\">\n\t\t\t\t\t<div class=\"elementor-column elementor-col-100 elementor-top-column elementor-element elementor-element-1e0c67f\" data-id=\"1e0c67f\" data-element_type=\"column\">\n\t\t\t<div class=\"elementor-widget-wrap elementor-element-populated\">\n\t\t\t\t\t\t\t\t<div class=\"elementor-element elementor-element-274ee19 elementor-widget elementor-widget-heading\" data-id=\"274ee19\" data-element_type=\"widget\" data-widget_type=\"heading.default\">\n\t\t\t\t<div class=\"elementor-widget-container\">\n\t\t\t<style>\/*! elementor - v3.13.3 - 22-05-2023 *\/\n.elementor-heading-title{padding:0;margin:0;line-height:1}.elementor-widget-heading .elementor-heading-title[class*=elementor-size-]>a{color:inherit;font-size:inherit;line-height:inherit}.elementor-widget-heading .elementor-heading-title.elementor-size-small{font-size:15px}.elementor-widget-heading .elementor-heading-title.elementor-size-medium{font-size:19px}.elementor-widget-heading .elementor-heading-title.elementor-size-large{font-size:29px}.elementor-widget-heading .elementor-heading-title.elementor-size-xl{font-size:39px}.elementor-widget-heading .elementor-heading-title.elementor-size-xxl{font-size:59px}<\/style><h1 class=\"elementor-heading-title elementor-size-xl\">Om oss<\/h1>\t\t<\/div>\n\t\t\t\t<\/div>\n\t\t\t\t<div class=\"elementor-element elementor-element-63e70ed elementor-widget__width-initial elementor-widget elementor-widget-text-editor\" data-id=\"63e70ed\" data-element_type=\"widget\" data-widget_type=\"text-editor.default\">\n\t\t\t\t<div class=\"elementor-widget-container\">\n\t\t\t<style>\/*! elementor - v3.13.3 - 22-05-2023 *\/\n.elementor-widget-text-editor.elementor-drop-cap-view-stacked .elementor-drop-cap{background-color:#69727d;color:#fff}.elementor-widget-text-editor.elementor-drop-cap-view-framed .elementor-drop-cap{color:#69727d;border:3px solid;background-color:transparent}.elementor-widget-text-editor:not(.elementor-drop-cap-view-default) .elementor-drop-cap{margin-top:8px}.elementor-widget-text-editor:not(.elementor-drop-cap-view-default) .elementor-drop-cap-letter{width:1em;height:1em}.elementor-widget-text-editor .elementor-drop-cap{float:left;text-align:center;line-height:1;font-size:50px}.elementor-widget-text-editor .elementor-drop-cap-letter{display:inline-block}<\/style>\t\t\t\t<p>sar-consulting.eu grundades av Juliana Schmidt-Theurer och erbjuder professionell sj\u00f6r\u00e4ddningsutbildning och r\u00e5dgivning f\u00f6r att \u00f6ka s\u00e4kerheten till sj\u00f6ss. Vi st\u00e4rker kaptener och bef\u00e4lhavare och fr\u00e4mjar samarbete med SAR-organisationer f\u00f6r framg\u00e5ngsrika r\u00e4ddningsinsatser.<\/p>\t\t\t\t\t\t<\/div>\n\t\t\t\t<\/div>\n\t\t\t\t<section class=\"elementor-section elementor-inner-section elementor-element elementor-element-44575fa elementor-section-boxed elementor-section-height-default elementor-section-height-default\" data-id=\"44575fa\" data-element_type=\"section\">\n\t\t\t\t\t\t<div class=\"elementor-container elementor-column-gap-no\">\n\t\t\t\t\t<div class=\"elementor-column elementor-col-100 elementor-inner-column elementor-element elementor-element-7b6a937\" data-id=\"7b6a937\" data-element_type=\"column\">\n\t\t\t<div class=\"elementor-widget-wrap elementor-element-populated\">\n\t\t\t\t\t\t\t\t<div class=\"elementor-element elementor-element-5a9a413 elementor-widget__width-initial elementor-widget elementor-widget-button\" data-id=\"5a9a413\" data-element_type=\"widget\" data-widget_type=\"button.default\">\n\t\t\t\t<div class=\"elementor-widget-container\">\n\t\t\t\t\t<div class=\"elementor-button-wrapper\">\n\t\t\t<a href=\"#getstarted\" class=\"elementor-button-link elementor-button elementor-size-sm\" role=\"button\">\n\t\t\t\t\t\t<span class=\"elementor-button-content-wrapper\">\n\t\t\t\t\t\t<span class=\"elementor-button-text\">L\u00e4s mer<\/span>\n\t\t<\/span>\n\t\t\t\t\t<\/a>\n\t\t<\/div>\n\t\t\t\t<\/div>\n\t\t\t\t<\/div>\n\t\t\t\t<div class=\"elementor-element elementor-element-7184e45 elementor-widget__width-auto elementor-widget elementor-widget-button\" data-id=\"7184e45\" data-element_type=\"widget\" data-widget_type=\"button.default\">\n\t\t\t\t<div class=\"elementor-widget-container\">\n\t\t\t\t\t<div class=\"elementor-button-wrapper\">\n\t\t\t<a href=\"https:\/\/calendly.com\/d\/z84-8gx-3wg\/30min\" class=\"elementor-button-link elementor-button elementor-size-sm\" role=\"button\">\n\t\t\t\t\t\t<span class=\"elementor-button-content-wrapper\">\n\t\t\t\t\t\t<span class=\"elementor-button-text\">Boka online-m\u00f6te<\/span>\n\t\t<\/span>\n\t\t\t\t\t<\/a>\n\t\t<\/div>\n\t\t\t\t<\/div>\n\t\t\t\t<\/div>\n\t\t\t\t\t<\/div>\n\t\t<\/div>\n\t\t\t\t\t\t\t<\/div>\n\t\t<\/section>\n\t\t\t\t\t<\/div>\n\t\t<\/div>\n\t\t\t\t\t\t\t<\/div>\n\t\t<\/section>\n\t\t\t\t<section class=\"elementor-section elementor-top-section elementor-element elementor-element-9ca55ae elementor-section-boxed elementor-section-height-default elementor-section-height-default\" data-id=\"9ca55ae\" data-element_type=\"section\" data-settings=\"{&quot;background_background&quot;:&quot;classic&quot;}\">\n\t\t\t\t\t\t<div class=\"elementor-container elementor-column-gap-no\">\n\t\t\t\t\t<div class=\"elementor-column elementor-col-50 elementor-top-column elementor-element elementor-element-285d1fe\" data-id=\"285d1fe\" data-element_type=\"column\">\n\t\t\t<div class=\"elementor-widget-wrap elementor-element-populated\">\n\t\t\t\t\t\t\t\t<div class=\"elementor-element elementor-element-6108ee1 elementor-widget elementor-widget-heading\" data-id=\"6108ee1\" data-element_type=\"widget\" data-widget_type=\"heading.default\">\n\t\t\t\t<div class=\"elementor-widget-container\">\n\t\t\t<h2 class=\"elementor-heading-title elementor-size-large\">Att f\u00f6rbereda sig f\u00f6r det ov\u00e4ntade: S\u00e4rskilda sj\u00f6fartsutbildningstj\u00e4nster<\/h2>\t\t<\/div>\n\t\t\t\t<\/div>\n\t\t\t\t<div class=\"elementor-element elementor-element-8c5d80c elementor-widget elementor-widget-menu-anchor\" data-id=\"8c5d80c\" data-element_type=\"widget\" data-widget_type=\"menu-anchor.default\">\n\t\t\t\t<div class=\"elementor-widget-container\">\n\t\t\t<style>\/*! elementor - v3.13.3 - 22-05-2023 *\/\nbody.elementor-page .elementor-widget-menu-anchor{margin-bottom:0}<\/style>\t\t<div id=\"getstarted\" class=\"elementor-menu-anchor\"><\/div>\n\t\t\t\t<\/div>\n\t\t\t\t<\/div>\n\t\t\t\t<div class=\"elementor-element elementor-element-316c73b elementor-widget elementor-widget-text-editor\" data-id=\"316c73b\" data-element_type=\"widget\" data-widget_type=\"text-editor.default\">\n\t\t\t\t<div class=\"elementor-widget-container\">\n\t\t\t\t\t\t\t<p>Visiomare GmbH (f\u00f6retaget bakom sar-consulting.eu), som grundades av Juliana Schmidt-Theurer 2022, har som m\u00e5l att etablera professionell s\u00f6k- och r\u00e4ddningsverksamhet till sj\u00f6ss inom kommersiell sj\u00f6fart. Med fokus p\u00e5 att \u00f6ka s\u00e4kerheten till sj\u00f6ss erbjuder Visiomare omfattande s\u00f6k- och r\u00e4ddningsutbildning f\u00f6r kaptener, bef\u00e4l och personal fr\u00e5n olika institutioner. Utbildningen ger dem m\u00f6jlighet att inte bara reagera utan ocks\u00e5 vidta proaktiva \u00e5tg\u00e4rder i n\u00f6dsituationer, vilket fr\u00e4mjar ett effektivt samarbete med SAR-organisationer och s\u00e4kerst\u00e4ller att sj\u00f6folk \u00e5terv\u00e4nder s\u00e4kert.<\/p>\t\t\t\t\t\t<\/div>\n\t\t\t\t<\/div>\n\t\t\t\t<div class=\"elementor-element elementor-element-7d7b8ca elementor-widget elementor-widget-text-editor\" data-id=\"7d7b8ca\" data-element_type=\"widget\" data-widget_type=\"text-editor.default\">\n\t\t\t\t<div class=\"elementor-widget-container\">\n\t\t\t\t\t\t\tJuliana Schmidt-Theurer, f\u00f6dd i Berlin och uppvuxen p\u00e5 Barbados, inledde sin sj\u00f6fartskarri\u00e4r efter att ha tagit en ingenj\u00f6rsexamen med beh\u00f6righet f\u00f6r sj\u00f6transport fr\u00e5n Hochschule Bremen. Hon arbetade med <a href=\"https:\/\/www.hl-cruises.com\" target=\"_blank\" rel=\"noopener\">Hapag Lloyd Cruises<\/a> P\u00e5 MS Bremen navigerade hon p\u00e5 unika rutter som Nordostpassagen, Nordv\u00e4stpassagen, S\u00f6derhavet och Amazonfloden.\t\t\t\t\t\t<\/div>\n\t\t\t\t<\/div>\n\t\t\t\t<div class=\"elementor-element elementor-element-da3fc98 elementor-widget elementor-widget-text-editor\" data-id=\"da3fc98\" data-element_type=\"widget\" data-widget_type=\"text-editor.default\">\n\t\t\t\t<div class=\"elementor-widget-container\">\n\t\t\t\t\t\t\t<p>2017 \u00f6vergick Juliana till landbaserat arbete och b\u00f6rjade arbeta f\u00f6r Maritime Rescue Coordination Center (<a href=\"https:\/\/de.wikipedia.org\/wiki\/Rettungsleitstelle_See\" target=\"_blank\" rel=\"noopener\">MRCC Bremen<\/a>\/DGzRS). I b\u00f6rjan av 2020-talet tog hon p\u00e5 sig dubbla roller och bibeh\u00f6ll sin position vid MRCC samtidigt som hon b\u00f6rjade med utbildning. Som certifierad utbildare vid simulatorcentret vid DGzRS:s sj\u00f6r\u00e4ddningsakademi spelade hon en avg\u00f6rande roll i utvecklingen och genomf\u00f6randet av kurser som t.ex. <a href=\"https:\/\/www.visiomare.com\/on-scene-coordinator-training-basic\/\" target=\"_blank\" rel=\"noopener\">OSC Basic<\/a>, Avancerad och repetition. Dessutom har hon utformat omfattande utbildningskoncept p\u00e5 sj\u00f6fartsengelska f\u00f6r yrkesm\u00e4ssig utveckling av DGzRS-kollegor.<\/p>\t\t\t\t\t\t<\/div>\n\t\t\t\t<\/div>\n\t\t\t\t<div class=\"elementor-element elementor-element-581a33f elementor-widget elementor-widget-text-editor\" data-id=\"581a33f\" data-element_type=\"widget\" data-widget_type=\"text-editor.default\">\n\t\t\t\t<div class=\"elementor-widget-container\">\n\t\t\t\t\t\t\tP\u00e5 sar-consulting.eu \u00e4r vi mer \u00e4n bara ett team; vi \u00e4r en ledstj\u00e4rna inom sj\u00f6fartsbranschen som \u00e4r dedikerad till att tillhandah\u00e5lla professionell och f\u00f6rstklassig utbildning. V\u00e5rt uppdrag \u00e4r att utrusta alla organisationer med f\u00e4rdigheter och kunskaper f\u00f6r att navigera n\u00f6dsituationer med sj\u00e4lvf\u00f6rtroende och effektivitet. Vi samarbetar med olika myndigheter, bland annat vattenpolisen, den federala polisen, flottan, tullen och sj\u00f6lotsarna, vilket m\u00f6jligg\u00f6r samarbete med SAR-organisationer och optimerar r\u00e4ddningsinsatser. Genom r\u00e4tt expertis, omfattande erfarenhet och kontinuerlig utbildning \u00e4r vi fast \u00f6vertygade om att varje n\u00f6dsituation kan hanteras taktfullt och l\u00f6sas framg\u00e5ngsrikt.\t\t\t\t\t\t<\/div>\n\t\t\t\t<\/div>\n\t\t\t\t<div class=\"elementor-element elementor-element-275b551 elementor-widget elementor-widget-text-editor\" data-id=\"275b551\" data-element_type=\"widget\" data-widget_type=\"text-editor.default\">\n\t\t\t\t<div class=\"elementor-widget-container\">\n\t\t\t\t\t\t\t<strong>P\u00e5 sar-consulting.eu \u00e4r s\u00e4kerhet inte bara v\u00e5r prioritet; det \u00e4r v\u00e5rt orubbliga engagemang f\u00f6r varje sj\u00f6man till sj\u00f6ss.<\/strong>\t\t\t\t\t\t<\/div>\n\t\t\t\t<\/div>\n\t\t\t\t<div class=\"elementor-element elementor-element-a321aa5 elementor-widget elementor-widget-button\" data-id=\"a321aa5\" data-element_type=\"widget\" data-widget_type=\"button.default\">\n\t\t\t\t<div class=\"elementor-widget-container\">\n\t\t\t\t\t<div class=\"elementor-button-wrapper\">\n\t\t\t<a href=\"https:\/\/www.sar-consulting.eu\/sv\/tjanster\/\" class=\"elementor-button-link elementor-button elementor-size-sm\" role=\"button\">\n\t\t\t\t\t\t<span class=\"elementor-button-content-wrapper\">\n\t\t\t\t\t\t<span class=\"elementor-button-text\">V\u00e5ra tj\u00e4nster<\/span>\n\t\t<\/span>\n\t\t\t\t\t<\/a>\n\t\t<\/div>\n\t\t\t\t<\/div>\n\t\t\t\t<\/div>\n\t\t\t\t\t<\/div>\n\t\t<\/div>\n\t\t\t\t<div class=\"elementor-column elementor-col-50 elementor-top-column elementor-element elementor-element-c50a96e\" data-id=\"c50a96e\" data-element_type=\"column\">\n\t\t\t<div class=\"elementor-widget-wrap\">\n\t\t\t\t\t\t\t\t\t<\/div>\n\t\t<\/div>\n\t\t\t\t\t\t\t<\/div>\n\t\t<\/section>\n\t\t\t\t\t\t\t<\/div>","protected":false},"excerpt":{"rendered":"<p>Om oss sar-consulting.eu grundades av Juliana Schmidt-Theurer och erbjuder professionell utbildning och r\u00e5dgivning inom sj\u00f6r\u00e4ddning f\u00f6r att \u00f6ka s\u00e4kerheten till sj\u00f6ss. Vi st\u00e4rker kaptener och bef\u00e4l och fr\u00e4mjar samarbete med SAR-organisationer f\u00f6r framg\u00e5ngsrika r\u00e4ddningsinsatser. L\u00e4s mer Boka online-m\u00f6te F\u00f6rberedelser f\u00f6r det ov\u00e4ntade: Dedikerade utbildningstj\u00e4nster f\u00f6r sj\u00f6fart Visiomare GmbH (f\u00f6retaget bakom sar-consulting.eu), grundat ...<\/p>\n<p class=\"read-more\"> <a class=\"\" href=\"https:\/\/www.sar-consulting.eu\/sv\/om\/\"> <span class=\"screen-reader-text\">Om<\/span> Read More &raquo;<\/a><\/p>","protected":false},"author":1,"featured_media":712,"parent":0,"menu_order":0,"comment_status":"closed","ping_status":"closed","template":"","meta":{"site-sidebar-layout":"no-sidebar","site-content-layout":"page-builder","ast-global-header-display":"","ast-banner-title-visibility":"","ast-main-header-display":"","ast-hfb-above-header-display":"","ast-hfb-below-header-display":"","ast-hfb-mobile-header-display":"","site-post-title":"disabled","ast-breadcrumbs-content":"disabled","ast-featured-img":"disabled","footer-sml-layout":"","theme-transparent-header-meta":"enabled","adv-header-id-meta":"","stick-header-meta":"","header-above-stick-meta":"","header-main-stick-meta":"","header-below-stick-meta":""},"_links":{"self":[{"href":"https:\/\/www.sar-consulting.eu\/sv\/wp-json\/wp\/v2\/pages\/310"}],"collection":[{"href":"https:\/\/www.sar-consulting.eu\/sv\/wp-json\/wp\/v2\/pages"}],"about":[{"href":"https:\/\/www.sar-consulting.eu\/sv\/wp-json\/wp\/v2\/types\/page"}],"author":[{"embeddable":true,"href":"https:\/\/www.sar-consulting.eu\/sv\/wp-json\/wp\/v2\/users\/1"}],"replies":[{"embeddable":true,"href":"https:\/\/www.sar-consulting.eu\/sv\/wp-json\/wp\/v2\/comments?post=310"}],"version-history":[{"count":0,"href":"https:\/\/www.sar-consulting.eu\/sv\/wp-json\/wp\/v2\/pages\/310\/revisions"}],"wp:featuredmedia":[{"embeddable":true,"href":"https:\/\/www.sar-consulting.eu\/sv\/wp-json\/wp\/v2\/media\/712"}],"wp:attachment":[{"href":"https:\/\/www.sar-consulting.eu\/sv\/wp-json\/wp\/v2\/media?parent=310"}],"curies":[{"name":"wp","href":"https:\/\/api.w.org\/{rel}","templated":true}]}}