{"id":310,"date":"2021-11-04T10:21:53","date_gmt":"2021-11-04T10:21:53","guid":{"rendered":"https:\/\/www.sar-consulting.eu\/about\/"},"modified":"2023-05-27T08:32:49","modified_gmt":"2023-05-27T08:32:49","slug":"about","status":"publish","type":"page","link":"https:\/\/www.sar-consulting.eu\/pl\/o\/","title":{"rendered":"O"},"content":{"rendered":"<div data-elementor-type=\"wp-page\" data-elementor-id=\"310\" class=\"elementor elementor-310\">\n\t\t\t\t\t\t\t\t\t<section class=\"elementor-section elementor-top-section elementor-element elementor-element-e9dcefa elementor-section-height-min-height elementor-section-boxed elementor-section-height-default elementor-section-items-middle\" data-id=\"e9dcefa\" data-element_type=\"section\" data-settings=\"{&quot;background_background&quot;:&quot;classic&quot;}\">\n\t\t\t\t\t\t\t<div class=\"elementor-background-overlay\"><\/div>\n\t\t\t\t\t\t\t<div class=\"elementor-container elementor-column-gap-no\">\n\t\t\t\t\t<div class=\"elementor-column elementor-col-100 elementor-top-column elementor-element elementor-element-1e0c67f\" data-id=\"1e0c67f\" data-element_type=\"column\">\n\t\t\t<div class=\"elementor-widget-wrap elementor-element-populated\">\n\t\t\t\t\t\t\t\t<div class=\"elementor-element elementor-element-274ee19 elementor-widget elementor-widget-heading\" data-id=\"274ee19\" data-element_type=\"widget\" data-widget_type=\"heading.default\">\n\t\t\t\t<div class=\"elementor-widget-container\">\n\t\t\t<style>\/*! elementor - v3.13.3 - 22-05-2023 *\/\n.elementor-heading-title{padding:0;margin:0;line-height:1}.elementor-widget-heading .elementor-heading-title[class*=elementor-size-]>a{color:inherit;font-size:inherit;line-height:inherit}.elementor-widget-heading .elementor-heading-title.elementor-size-small{font-size:15px}.elementor-widget-heading .elementor-heading-title.elementor-size-medium{font-size:19px}.elementor-widget-heading .elementor-heading-title.elementor-size-large{font-size:29px}.elementor-widget-heading .elementor-heading-title.elementor-size-xl{font-size:39px}.elementor-widget-heading .elementor-heading-title.elementor-size-xxl{font-size:59px}<\/style><h1 class=\"elementor-heading-title elementor-size-xl\">O nas<\/h1>\t\t<\/div>\n\t\t\t\t<\/div>\n\t\t\t\t<div class=\"elementor-element elementor-element-63e70ed elementor-widget__width-initial elementor-widget elementor-widget-text-editor\" data-id=\"63e70ed\" data-element_type=\"widget\" data-widget_type=\"text-editor.default\">\n\t\t\t\t<div class=\"elementor-widget-container\">\n\t\t\t<style>\/*! elementor - v3.13.3 - 22-05-2023 *\/\n.elementor-widget-text-editor.elementor-drop-cap-view-stacked .elementor-drop-cap{background-color:#69727d;color:#fff}.elementor-widget-text-editor.elementor-drop-cap-view-framed .elementor-drop-cap{color:#69727d;border:3px solid;background-color:transparent}.elementor-widget-text-editor:not(.elementor-drop-cap-view-default) .elementor-drop-cap{margin-top:8px}.elementor-widget-text-editor:not(.elementor-drop-cap-view-default) .elementor-drop-cap-letter{width:1em;height:1em}.elementor-widget-text-editor .elementor-drop-cap{float:left;text-align:center;line-height:1;font-size:50px}.elementor-widget-text-editor .elementor-drop-cap-letter{display:inline-block}<\/style>\t\t\t\t<p>Za\u0142o\u017cona przez Julian\u0119 Schmidt-Theurer firma sar-consulting.eu zapewnia profesjonalne szkolenia i doradztwo w zakresie poszukiwania i ratownictwa morskiego w celu zwi\u0119kszenia bezpiecze\u0144stwa na morzu. Wzmacniaj\u0105c pozycj\u0119 kapitan\u00f3w i oficer\u00f3w, wspieramy wsp\u00f3\u0142prac\u0119 z organizacjami SAR w celu przeprowadzania udanych akcji ratunkowych.<\/p>\t\t\t\t\t\t<\/div>\n\t\t\t\t<\/div>\n\t\t\t\t<section class=\"elementor-section elementor-inner-section elementor-element elementor-element-44575fa elementor-section-boxed elementor-section-height-default elementor-section-height-default\" data-id=\"44575fa\" data-element_type=\"section\">\n\t\t\t\t\t\t<div class=\"elementor-container elementor-column-gap-no\">\n\t\t\t\t\t<div class=\"elementor-column elementor-col-100 elementor-inner-column elementor-element elementor-element-7b6a937\" data-id=\"7b6a937\" data-element_type=\"column\">\n\t\t\t<div class=\"elementor-widget-wrap elementor-element-populated\">\n\t\t\t\t\t\t\t\t<div class=\"elementor-element elementor-element-5a9a413 elementor-widget__width-initial elementor-widget elementor-widget-button\" data-id=\"5a9a413\" data-element_type=\"widget\" data-widget_type=\"button.default\">\n\t\t\t\t<div class=\"elementor-widget-container\">\n\t\t\t\t\t<div class=\"elementor-button-wrapper\">\n\t\t\t<a href=\"#getstarted\" class=\"elementor-button-link elementor-button elementor-size-sm\" role=\"button\">\n\t\t\t\t\t\t<span class=\"elementor-button-content-wrapper\">\n\t\t\t\t\t\t<span class=\"elementor-button-text\">Dowiedz si\u0119 wi\u0119cej<\/span>\n\t\t<\/span>\n\t\t\t\t\t<\/a>\n\t\t<\/div>\n\t\t\t\t<\/div>\n\t\t\t\t<\/div>\n\t\t\t\t<div class=\"elementor-element elementor-element-7184e45 elementor-widget__width-auto elementor-widget elementor-widget-button\" data-id=\"7184e45\" data-element_type=\"widget\" data-widget_type=\"button.default\">\n\t\t\t\t<div class=\"elementor-widget-container\">\n\t\t\t\t\t<div class=\"elementor-button-wrapper\">\n\t\t\t<a href=\"https:\/\/calendly.com\/d\/z84-8gx-3wg\/30min\" class=\"elementor-button-link elementor-button elementor-size-sm\" role=\"button\">\n\t\t\t\t\t\t<span class=\"elementor-button-content-wrapper\">\n\t\t\t\t\t\t<span class=\"elementor-button-text\">Zarezerwuj spotkanie online<\/span>\n\t\t<\/span>\n\t\t\t\t\t<\/a>\n\t\t<\/div>\n\t\t\t\t<\/div>\n\t\t\t\t<\/div>\n\t\t\t\t\t<\/div>\n\t\t<\/div>\n\t\t\t\t\t\t\t<\/div>\n\t\t<\/section>\n\t\t\t\t\t<\/div>\n\t\t<\/div>\n\t\t\t\t\t\t\t<\/div>\n\t\t<\/section>\n\t\t\t\t<section class=\"elementor-section elementor-top-section elementor-element elementor-element-9ca55ae elementor-section-boxed elementor-section-height-default elementor-section-height-default\" data-id=\"9ca55ae\" data-element_type=\"section\" data-settings=\"{&quot;background_background&quot;:&quot;classic&quot;}\">\n\t\t\t\t\t\t<div class=\"elementor-container elementor-column-gap-no\">\n\t\t\t\t\t<div class=\"elementor-column elementor-col-50 elementor-top-column elementor-element elementor-element-285d1fe\" data-id=\"285d1fe\" data-element_type=\"column\">\n\t\t\t<div class=\"elementor-widget-wrap elementor-element-populated\">\n\t\t\t\t\t\t\t\t<div class=\"elementor-element elementor-element-6108ee1 elementor-widget elementor-widget-heading\" data-id=\"6108ee1\" data-element_type=\"widget\" data-widget_type=\"heading.default\">\n\t\t\t\t<div class=\"elementor-widget-container\">\n\t\t\t<h2 class=\"elementor-heading-title elementor-size-large\">Przygotowanie na nieoczekiwane: Dedykowane us\u0142ugi szkolenia morskiego<\/h2>\t\t<\/div>\n\t\t\t\t<\/div>\n\t\t\t\t<div class=\"elementor-element elementor-element-8c5d80c elementor-widget elementor-widget-menu-anchor\" data-id=\"8c5d80c\" data-element_type=\"widget\" data-widget_type=\"menu-anchor.default\">\n\t\t\t\t<div class=\"elementor-widget-container\">\n\t\t\t<style>\/*! elementor - v3.13.3 - 22-05-2023 *\/\nbody.elementor-page .elementor-widget-menu-anchor{margin-bottom:0}<\/style>\t\t<div id=\"getstarted\" class=\"elementor-menu-anchor\"><\/div>\n\t\t\t\t<\/div>\n\t\t\t\t<\/div>\n\t\t\t\t<div class=\"elementor-element elementor-element-316c73b elementor-widget elementor-widget-text-editor\" data-id=\"316c73b\" data-element_type=\"widget\" data-widget_type=\"text-editor.default\">\n\t\t\t\t<div class=\"elementor-widget-container\">\n\t\t\t\t\t\t\t<p>Visiomare GmbH (firma stoj\u0105ca za sar-consulting.eu), za\u0142o\u017cona przez Julian\u0119 Schmidt-Theurer w 2022 roku, ma na celu ustanowienie profesjonalnych morskich operacji poszukiwawczych i ratowniczych w \u017cegludze komercyjnej. Koncentruj\u0105c si\u0119 na zwi\u0119kszeniu bezpiecze\u0144stwa na morzu, visiomare oferuje kompleksowe szkolenia z zakresu poszukiwa\u0144 i ratownictwa dla kapitan\u00f3w, oficer\u00f3w i personelu z r\u00f3\u017cnych instytucji. Szkolenie to pozwala im nie tylko reagowa\u0107, ale tak\u017ce podejmowa\u0107 proaktywne dzia\u0142ania w sytuacjach awaryjnych, wspieraj\u0105c skuteczn\u0105 wsp\u00f3\u0142prac\u0119 z organizacjami SAR i zapewniaj\u0105c bezpieczny powr\u00f3t marynarzy.<\/p>\t\t\t\t\t\t<\/div>\n\t\t\t\t<\/div>\n\t\t\t\t<div class=\"elementor-element elementor-element-7d7b8ca elementor-widget elementor-widget-text-editor\" data-id=\"7d7b8ca\" data-element_type=\"widget\" data-widget_type=\"text-editor.default\">\n\t\t\t\t<div class=\"elementor-widget-container\">\n\t\t\t\t\t\t\tJuliana Schmidt-Theurer, urodzona w Berlinie i wychowana na Barbadosie, rozpocz\u0119\u0142a karier\u0119 morsk\u0105 po uzyskaniu dyplomu in\u017cyniera z kwalifikacjami w zakresie transportu morskiego w Hochschule Bremen. Pracuj\u0105c z <a href=\"https:\/\/www.hl-cruises.com\" target=\"_blank\" rel=\"noopener\">Hapag Lloyd Cruises<\/a> Na \"MS Bremen\" \u017ceglowa\u0142a po wyj\u0105tkowych trasach, takich jak Przej\u015bcie P\u00f3\u0142nocno-Wschodnie, Przej\u015bcie P\u00f3\u0142nocno-Zachodnie, Po\u0142udniowy Pacyfik i Amazonka.\t\t\t\t\t\t<\/div>\n\t\t\t\t<\/div>\n\t\t\t\t<div class=\"elementor-element elementor-element-da3fc98 elementor-widget elementor-widget-text-editor\" data-id=\"da3fc98\" data-element_type=\"widget\" data-widget_type=\"text-editor.default\">\n\t\t\t\t<div class=\"elementor-widget-container\">\n\t\t\t\t\t\t\t<p>W 2017 roku Juliana przesz\u0142a do pracy na l\u0105dzie i rozpocz\u0119\u0142a prac\u0119 w Morskim Centrum Koordynacji Ratownictwa (<a href=\"https:\/\/de.wikipedia.org\/wiki\/Rettungsleitstelle_See\" target=\"_blank\" rel=\"noopener\">MRCC Bremen<\/a>\/DGzRS). Na pocz\u0105tku 2020 roku przyj\u0119\u0142a podw\u00f3jn\u0105 rol\u0119, utrzymuj\u0105c swoj\u0105 pozycj\u0119 w MRCC, jednocze\u015bnie zajmuj\u0105c si\u0119 szkoleniami. Jako certyfikowany trener w Centrum Symulator\u00f3w Akademii Ratownictwa Morskiego DGzRS odegra\u0142a kluczow\u0105 rol\u0119 w opracowywaniu i wdra\u017caniu kurs\u00f3w takich jak <a href=\"https:\/\/www.visiomare.com\/on-scene-coordinator-training-basic\/\" target=\"_blank\" rel=\"noopener\">OSC Basic<\/a>Advanced &amp; Refresher. Ponadto opracowa\u0142a kompleksowe koncepcje szkoleniowe w j\u0119zyku angielskim morskim w celu rozwoju zawodowego wsp\u00f3\u0142pracownik\u00f3w DGzRS.<\/p>\t\t\t\t\t\t<\/div>\n\t\t\t\t<\/div>\n\t\t\t\t<div class=\"elementor-element elementor-element-581a33f elementor-widget elementor-widget-text-editor\" data-id=\"581a33f\" data-element_type=\"widget\" data-widget_type=\"text-editor.default\">\n\t\t\t\t<div class=\"elementor-widget-container\">\n\t\t\t\t\t\t\tW sar-consulting.eu wykraczamy poza bycie zespo\u0142em; jeste\u015bmy \u015bwiat\u0142em przewodnim w bran\u017cy morskiej, po\u015bwi\u0119conym dostarczaniu profesjonalnych i najwy\u017cszej jako\u015bci szkole\u0144. Nasz\u0105 misj\u0105 jest wyposa\u017cenie wszystkich organizacji w umiej\u0119tno\u015bci i wiedz\u0119 pozwalaj\u0105ce na pewn\u0105 i skuteczn\u0105 nawigacj\u0119 w sytuacjach awaryjnych. Wsp\u00f3\u0142pracujemy z r\u00f3\u017cnymi organami, w tym z policj\u0105 wodn\u0105, policj\u0105 federaln\u0105, marynark\u0105 wojenn\u0105, s\u0142u\u017cbami celnymi i pilotami morskimi, umo\u017cliwiaj\u0105c wsp\u00f3\u0142prac\u0119 z organizacjami SAR i optymalizacj\u0119 dzia\u0142a\u0144 ratowniczych. Dzi\u0119ki odpowiedniej wiedzy specjalistycznej, bogatemu do\u015bwiadczeniu i ci\u0105g\u0142ym szkoleniom jeste\u015bmy przekonani, \u017ce ka\u017cd\u0105 sytuacj\u0105 awaryjn\u0105 mo\u017cna taktownie zarz\u0105dza\u0107 i skutecznie j\u0105 rozwi\u0105za\u0107.\t\t\t\t\t\t<\/div>\n\t\t\t\t<\/div>\n\t\t\t\t<div class=\"elementor-element elementor-element-275b551 elementor-widget elementor-widget-text-editor\" data-id=\"275b551\" data-element_type=\"widget\" data-widget_type=\"text-editor.default\">\n\t\t\t\t<div class=\"elementor-widget-container\">\n\t\t\t\t\t\t\t<strong>W sar-consulting.eu bezpiecze\u0144stwo jest nie tylko naszym priorytetem; to nasze niezachwiane zobowi\u0105zanie wobec ka\u017cdego \u017ceglarza na morzu.<\/strong>\t\t\t\t\t\t<\/div>\n\t\t\t\t<\/div>\n\t\t\t\t<div class=\"elementor-element elementor-element-a321aa5 elementor-widget elementor-widget-button\" data-id=\"a321aa5\" data-element_type=\"widget\" data-widget_type=\"button.default\">\n\t\t\t\t<div class=\"elementor-widget-container\">\n\t\t\t\t\t<div class=\"elementor-button-wrapper\">\n\t\t\t<a href=\"https:\/\/www.sar-consulting.eu\/pl\/uslugi\/\" class=\"elementor-button-link elementor-button elementor-size-sm\" role=\"button\">\n\t\t\t\t\t\t<span class=\"elementor-button-content-wrapper\">\n\t\t\t\t\t\t<span class=\"elementor-button-text\">Nasze us\u0142ugi<\/span>\n\t\t<\/span>\n\t\t\t\t\t<\/a>\n\t\t<\/div>\n\t\t\t\t<\/div>\n\t\t\t\t<\/div>\n\t\t\t\t\t<\/div>\n\t\t<\/div>\n\t\t\t\t<div class=\"elementor-column elementor-col-50 elementor-top-column elementor-element elementor-element-c50a96e\" data-id=\"c50a96e\" data-element_type=\"column\">\n\t\t\t<div class=\"elementor-widget-wrap\">\n\t\t\t\t\t\t\t\t\t<\/div>\n\t\t<\/div>\n\t\t\t\t\t\t\t<\/div>\n\t\t<\/section>\n\t\t\t\t\t\t\t<\/div>","protected":false},"excerpt":{"rendered":"<p>O nas sar-consulting.eu, za\u0142o\u017cona przez Julian\u0119 Schmidt-Theurer, zapewnia profesjonalne szkolenia i doradztwo w zakresie poszukiwania i ratownictwa morskiego w celu zwi\u0119kszenia bezpiecze\u0144stwa na morzu. Wzmacniaj\u0105c kapitan\u00f3w i oficer\u00f3w, wspieramy wsp\u00f3\u0142prac\u0119 z organizacjami SAR w celu udanych operacji ratowniczych. Dowiedz si\u0119 wi\u0119cej Zarezerwuj spotkanie online Przygotowanie na nieoczekiwane: Dedykowane us\u0142ugi szkoleniowe Visiomare GmbH (firma stoj\u0105ca za sar-consulting.eu), za\u0142o\u017cona ...<\/p>\n<p class=\"read-more\"> <a class=\"\" href=\"https:\/\/www.sar-consulting.eu\/pl\/o\/\"> <span class=\"screen-reader-text\">O<\/span> Read More &raquo;<\/a><\/p>","protected":false},"author":1,"featured_media":712,"parent":0,"menu_order":0,"comment_status":"closed","ping_status":"closed","template":"","meta":{"site-sidebar-layout":"no-sidebar","site-content-layout":"page-builder","ast-global-header-display":"","ast-banner-title-visibility":"","ast-main-header-display":"","ast-hfb-above-header-display":"","ast-hfb-below-header-display":"","ast-hfb-mobile-header-display":"","site-post-title":"disabled","ast-breadcrumbs-content":"disabled","ast-featured-img":"disabled","footer-sml-layout":"","theme-transparent-header-meta":"enabled","adv-header-id-meta":"","stick-header-meta":"","header-above-stick-meta":"","header-main-stick-meta":"","header-below-stick-meta":""},"_links":{"self":[{"href":"https:\/\/www.sar-consulting.eu\/pl\/wp-json\/wp\/v2\/pages\/310"}],"collection":[{"href":"https:\/\/www.sar-consulting.eu\/pl\/wp-json\/wp\/v2\/pages"}],"about":[{"href":"https:\/\/www.sar-consulting.eu\/pl\/wp-json\/wp\/v2\/types\/page"}],"author":[{"embeddable":true,"href":"https:\/\/www.sar-consulting.eu\/pl\/wp-json\/wp\/v2\/users\/1"}],"replies":[{"embeddable":true,"href":"https:\/\/www.sar-consulting.eu\/pl\/wp-json\/wp\/v2\/comments?post=310"}],"version-history":[{"count":0,"href":"https:\/\/www.sar-consulting.eu\/pl\/wp-json\/wp\/v2\/pages\/310\/revisions"}],"wp:featuredmedia":[{"embeddable":true,"href":"https:\/\/www.sar-consulting.eu\/pl\/wp-json\/wp\/v2\/media\/712"}],"wp:attachment":[{"href":"https:\/\/www.sar-consulting.eu\/pl\/wp-json\/wp\/v2\/media?parent=310"}],"curies":[{"name":"wp","href":"https:\/\/api.w.org\/{rel}","templated":true}]}}