{"id":310,"date":"2021-11-04T10:21:53","date_gmt":"2021-11-04T10:21:53","guid":{"rendered":"https:\/\/www.sar-consulting.eu\/about\/"},"modified":"2023-05-27T08:32:49","modified_gmt":"2023-05-27T08:32:49","slug":"about","status":"publish","type":"page","link":"https:\/\/www.sar-consulting.eu\/lv\/par\/","title":{"rendered":"Par"},"content":{"rendered":"<div data-elementor-type=\"wp-page\" data-elementor-id=\"310\" class=\"elementor elementor-310\">\n\t\t\t\t\t\t\t\t\t<section class=\"elementor-section elementor-top-section elementor-element elementor-element-e9dcefa elementor-section-height-min-height elementor-section-boxed elementor-section-height-default elementor-section-items-middle\" data-id=\"e9dcefa\" data-element_type=\"section\" data-settings=\"{&quot;background_background&quot;:&quot;classic&quot;}\">\n\t\t\t\t\t\t\t<div class=\"elementor-background-overlay\"><\/div>\n\t\t\t\t\t\t\t<div class=\"elementor-container elementor-column-gap-no\">\n\t\t\t\t\t<div class=\"elementor-column elementor-col-100 elementor-top-column elementor-element elementor-element-1e0c67f\" data-id=\"1e0c67f\" data-element_type=\"column\">\n\t\t\t<div class=\"elementor-widget-wrap elementor-element-populated\">\n\t\t\t\t\t\t\t\t<div class=\"elementor-element elementor-element-274ee19 elementor-widget elementor-widget-heading\" data-id=\"274ee19\" data-element_type=\"widget\" data-widget_type=\"heading.default\">\n\t\t\t\t<div class=\"elementor-widget-container\">\n\t\t\t<style>\/*! elementor - v3.13.3 - 22-05-2023 *\/\n.elementor-heading-title{padding:0;margin:0;line-height:1}.elementor-widget-heading .elementor-heading-title[class*=elementor-size-]>a{color:inherit;font-size:inherit;line-height:inherit}.elementor-widget-heading .elementor-heading-title.elementor-size-small{font-size:15px}.elementor-widget-heading .elementor-heading-title.elementor-size-medium{font-size:19px}.elementor-widget-heading .elementor-heading-title.elementor-size-large{font-size:29px}.elementor-widget-heading .elementor-heading-title.elementor-size-xl{font-size:39px}.elementor-widget-heading .elementor-heading-title.elementor-size-xxl{font-size:59px}<\/style><h1 class=\"elementor-heading-title elementor-size-xl\">Par mums<\/h1>\t\t<\/div>\n\t\t\t\t<\/div>\n\t\t\t\t<div class=\"elementor-element elementor-element-63e70ed elementor-widget__width-initial elementor-widget elementor-widget-text-editor\" data-id=\"63e70ed\" data-element_type=\"widget\" data-widget_type=\"text-editor.default\">\n\t\t\t\t<div class=\"elementor-widget-container\">\n\t\t\t<style>\/*! elementor - v3.13.3 - 22-05-2023 *\/\n.elementor-widget-text-editor.elementor-drop-cap-view-stacked .elementor-drop-cap{background-color:#69727d;color:#fff}.elementor-widget-text-editor.elementor-drop-cap-view-framed .elementor-drop-cap{color:#69727d;border:3px solid;background-color:transparent}.elementor-widget-text-editor:not(.elementor-drop-cap-view-default) .elementor-drop-cap{margin-top:8px}.elementor-widget-text-editor:not(.elementor-drop-cap-view-default) .elementor-drop-cap-letter{width:1em;height:1em}.elementor-widget-text-editor .elementor-drop-cap{float:left;text-align:center;line-height:1;font-size:50px}.elementor-widget-text-editor .elementor-drop-cap-letter{display:inline-block}<\/style>\t\t\t\t<p>sar-consulting.eu, ko dibin\u0101jusi Juliana Schmidt-Theurer, nodro\u0161ina profesion\u0101lu mekl\u0113\u0161anas un gl\u0101b\u0161anas apm\u0101c\u012bbu un konsult\u0101cijas, lai uzlabotu dro\u0161\u012bbu j\u016br\u0101. Sniedzot iesp\u0113jas kaptei\u0146iem un virsniekiem, m\u0113s veicin\u0101m sadarb\u012bbu ar SAR organiz\u0101cij\u0101m, lai sekm\u012bgi veiktu gl\u0101b\u0161anas oper\u0101cijas.<\/p>\t\t\t\t\t\t<\/div>\n\t\t\t\t<\/div>\n\t\t\t\t<section class=\"elementor-section elementor-inner-section elementor-element elementor-element-44575fa elementor-section-boxed elementor-section-height-default elementor-section-height-default\" data-id=\"44575fa\" data-element_type=\"section\">\n\t\t\t\t\t\t<div class=\"elementor-container elementor-column-gap-no\">\n\t\t\t\t\t<div class=\"elementor-column elementor-col-100 elementor-inner-column elementor-element elementor-element-7b6a937\" data-id=\"7b6a937\" data-element_type=\"column\">\n\t\t\t<div class=\"elementor-widget-wrap elementor-element-populated\">\n\t\t\t\t\t\t\t\t<div class=\"elementor-element elementor-element-5a9a413 elementor-widget__width-initial elementor-widget elementor-widget-button\" data-id=\"5a9a413\" data-element_type=\"widget\" data-widget_type=\"button.default\">\n\t\t\t\t<div class=\"elementor-widget-container\">\n\t\t\t\t\t<div class=\"elementor-button-wrapper\">\n\t\t\t<a href=\"#getstarted\" class=\"elementor-button-link elementor-button elementor-size-sm\" role=\"button\">\n\t\t\t\t\t\t<span class=\"elementor-button-content-wrapper\">\n\t\t\t\t\t\t<span class=\"elementor-button-text\">Uzzin\u0101t vair\u0101k<\/span>\n\t\t<\/span>\n\t\t\t\t\t<\/a>\n\t\t<\/div>\n\t\t\t\t<\/div>\n\t\t\t\t<\/div>\n\t\t\t\t<div class=\"elementor-element elementor-element-7184e45 elementor-widget__width-auto elementor-widget elementor-widget-button\" data-id=\"7184e45\" data-element_type=\"widget\" data-widget_type=\"button.default\">\n\t\t\t\t<div class=\"elementor-widget-container\">\n\t\t\t\t\t<div class=\"elementor-button-wrapper\">\n\t\t\t<a href=\"https:\/\/calendly.com\/d\/z84-8gx-3wg\/30min\" class=\"elementor-button-link elementor-button elementor-size-sm\" role=\"button\">\n\t\t\t\t\t\t<span class=\"elementor-button-content-wrapper\">\n\t\t\t\t\t\t<span class=\"elementor-button-text\">Rezerv\u0113t tie\u0161saistes tik\u0161anos<\/span>\n\t\t<\/span>\n\t\t\t\t\t<\/a>\n\t\t<\/div>\n\t\t\t\t<\/div>\n\t\t\t\t<\/div>\n\t\t\t\t\t<\/div>\n\t\t<\/div>\n\t\t\t\t\t\t\t<\/div>\n\t\t<\/section>\n\t\t\t\t\t<\/div>\n\t\t<\/div>\n\t\t\t\t\t\t\t<\/div>\n\t\t<\/section>\n\t\t\t\t<section class=\"elementor-section elementor-top-section elementor-element elementor-element-9ca55ae elementor-section-boxed elementor-section-height-default elementor-section-height-default\" data-id=\"9ca55ae\" data-element_type=\"section\" data-settings=\"{&quot;background_background&quot;:&quot;classic&quot;}\">\n\t\t\t\t\t\t<div class=\"elementor-container elementor-column-gap-no\">\n\t\t\t\t\t<div class=\"elementor-column elementor-col-50 elementor-top-column elementor-element elementor-element-285d1fe\" data-id=\"285d1fe\" data-element_type=\"column\">\n\t\t\t<div class=\"elementor-widget-wrap elementor-element-populated\">\n\t\t\t\t\t\t\t\t<div class=\"elementor-element elementor-element-6108ee1 elementor-widget elementor-widget-heading\" data-id=\"6108ee1\" data-element_type=\"widget\" data-widget_type=\"heading.default\">\n\t\t\t\t<div class=\"elementor-widget-container\">\n\t\t\t<h2 class=\"elementor-heading-title elementor-size-large\">Gatavo\u0161an\u0101s negaid\u012btajam: \u012apa\u0161i j\u016bras apm\u0101c\u012bbas pakalpojumi<\/h2>\t\t<\/div>\n\t\t\t\t<\/div>\n\t\t\t\t<div class=\"elementor-element elementor-element-8c5d80c elementor-widget elementor-widget-menu-anchor\" data-id=\"8c5d80c\" data-element_type=\"widget\" data-widget_type=\"menu-anchor.default\">\n\t\t\t\t<div class=\"elementor-widget-container\">\n\t\t\t<style>\/*! elementor - v3.13.3 - 22-05-2023 *\/\nbody.elementor-page .elementor-widget-menu-anchor{margin-bottom:0}<\/style>\t\t<div id=\"getstarted\" class=\"elementor-menu-anchor\"><\/div>\n\t\t\t\t<\/div>\n\t\t\t\t<\/div>\n\t\t\t\t<div class=\"elementor-element elementor-element-316c73b elementor-widget elementor-widget-text-editor\" data-id=\"316c73b\" data-element_type=\"widget\" data-widget_type=\"text-editor.default\">\n\t\t\t\t<div class=\"elementor-widget-container\">\n\t\t\t\t\t\t\t<p>Visiomare GmbH (uz\u0146\u0113mums, kas atrodas aiz sar-consulting.eu), ko dibin\u0101ja Juliana Schmidt-Theurer 2022, m\u0113r\u0137is ir izveidot profesion\u0101las j\u016bras mekl\u0113\u0161anas un gl\u0101b\u0161anas oper\u0101cijas komerci\u0101laj\u0101 ku\u0123niec\u012bb\u0101. Koncentr\u0113joties uz dro\u0161\u012bbas paaugstin\u0101\u0161anu j\u016br\u0101, visiomare pied\u0101v\u0101 visaptvero\u0161as mekl\u0113\u0161anas un gl\u0101b\u0161anas apm\u0101c\u012bbas kaptei\u0146iem, virsniekiem un da\u017e\u0101du iest\u0101\u017eu person\u0101lam. \u0160\u012b apm\u0101c\u012bba dod vi\u0146iem iesp\u0113ju ne tikai rea\u0123\u0113t, bet ar\u012b veikt proakt\u012bvus pas\u0101kumus \u0101rk\u0101rtas situ\u0101cij\u0101s, veicinot efekt\u012bvu sadarb\u012bbu ar SAR organiz\u0101cij\u0101m un nodro\u0161inot dro\u0161u j\u016brnieku atgrie\u0161anos.<\/p>\t\t\t\t\t\t<\/div>\n\t\t\t\t<\/div>\n\t\t\t\t<div class=\"elementor-element elementor-element-7d7b8ca elementor-widget elementor-widget-text-editor\" data-id=\"7d7b8ca\" data-element_type=\"widget\" data-widget_type=\"text-editor.default\">\n\t\t\t\t<div class=\"elementor-widget-container\">\n\t\t\t\t\t\t\tJuliana \u0160mite-T\u0113rere (Juliana Schmidt-Theurer), dzimusi Berl\u012bn\u0113 un uzaugusi Barbados\u0101, uzs\u0101ka savu j\u016brniec\u012bbas karjeru p\u0113c Br\u0113menes Augstskol\u0101 (Hochschule Bremen) ieg\u016bt\u0101 in\u017eeniera diploma ar j\u016bras transporta kvalifik\u0101ciju. Str\u0101d\u0101jot ar <a href=\"https:\/\/www.hl-cruises.com\" target=\"_blank\" rel=\"noopener\">Hapag Lloyd Cruises<\/a> ar ku\u0123i \"MS Bremen\" vi\u0146a ku\u0123oja pa t\u0101diem unik\u0101liem mar\u0161rutiem k\u0101 Zieme\u013caustrumu p\u0101reja, Zieme\u013crietumu p\u0101reja, Klus\u0101 oke\u0101na dienvidu da\u013ca un Amazones upe.\t\t\t\t\t\t<\/div>\n\t\t\t\t<\/div>\n\t\t\t\t<div class=\"elementor-element elementor-element-da3fc98 elementor-widget elementor-widget-text-editor\" data-id=\"da3fc98\" data-element_type=\"widget\" data-widget_type=\"text-editor.default\">\n\t\t\t\t<div class=\"elementor-widget-container\">\n\t\t\t\t\t\t\t<p>2017. gad\u0101 Juliana p\u0101rg\u0101ja uz sauszemes darbu un s\u0101ka str\u0101d\u0101t J\u016bras gl\u0101b\u0161anas koordin\u0101cijas centr\u0101 (<a href=\"https:\/\/de.wikipedia.org\/wiki\/Rettungsleitstelle_See\" target=\"_blank\" rel=\"noopener\">MRCC Br\u0113mene<\/a>\/DGzRS). 2020. gadu s\u0101kum\u0101 vi\u0146a s\u0101ka pild\u012bt divas funkcijas, saglab\u0101jot savu amatu MRCC un vienlaikus uzs\u0101kot apm\u0101c\u012bbu. B\u016bdama sertific\u0113ta trenere DGzRS J\u016bras gl\u0101b\u0161anas akad\u0113mijas Simulatoru centr\u0101, vi\u0146a sp\u0113l\u0113ja b\u016btisku lomu, izstr\u0101d\u0101jot un \u012bstenojot t\u0101dus kursus k\u0101, piem. <a href=\"https:\/\/www.visiomare.com\/on-scene-coordinator-training-basic\/\" target=\"_blank\" rel=\"noopener\">OSC Basic<\/a>, Padzi\u013cin\u0101t\u0101 un atsvaidzino\u0161\u0101 apm\u0101c\u012bba. Turkl\u0101t vi\u0146a ir izstr\u0101d\u0101jusi visaptvero\u0161as m\u0101c\u012bbu koncepcijas j\u016bras ang\u013cu valod\u0101 DGzRS kol\u0113\u0123u profesion\u0101lajai att\u012bst\u012bbai.<\/p>\t\t\t\t\t\t<\/div>\n\t\t\t\t<\/div>\n\t\t\t\t<div class=\"elementor-element elementor-element-581a33f elementor-widget elementor-widget-text-editor\" data-id=\"581a33f\" data-element_type=\"widget\" data-widget_type=\"text-editor.default\">\n\t\t\t\t<div class=\"elementor-widget-container\">\n\t\t\t\t\t\t\tSar-consulting.eu m\u0113s esam ne tikai komanda, bet ar\u012b vado\u0161\u0101 loma j\u016brniec\u012bbas nozar\u0113, kas nodro\u0161ina profesion\u0101lu un augst\u0101k\u0101s klases apm\u0101c\u012bbu. M\u016bsu misija ir nodro\u0161in\u0101t visas organiz\u0101cijas ar prasm\u0113m un zin\u0101\u0161an\u0101m, lai dro\u0161i un efekt\u012bvi p\u0101rvar\u0113tu \u0101rk\u0101rtas situ\u0101cijas. M\u0113s sadarbojamies ar da\u017e\u0101d\u0101m iest\u0101d\u0113m, tostarp \u016bdens policiju, feder\u0101lo policiju, j\u016bras sp\u0113ku, muitu un j\u016bras pilotiem, nodro\u0161inot sadarb\u012bbu ar SAR organiz\u0101cij\u0101m un optimiz\u0113jot gl\u0101b\u0161anas oper\u0101cijas. Izmantojot atbilsto\u0161as zin\u0101\u0161anas, pla\u0161u pieredzi un nep\u0101rtrauktu apm\u0101c\u012bbu, m\u0113s esam p\u0101rliecin\u0101ti, ka katru \u0101rk\u0101rtas situ\u0101ciju var taktiski p\u0101rvald\u012bt un veiksm\u012bgi atrisin\u0101t.\t\t\t\t\t\t<\/div>\n\t\t\t\t<\/div>\n\t\t\t\t<div class=\"elementor-element elementor-element-275b551 elementor-widget elementor-widget-text-editor\" data-id=\"275b551\" data-element_type=\"widget\" data-widget_type=\"text-editor.default\">\n\t\t\t\t<div class=\"elementor-widget-container\">\n\t\t\t\t\t\t\t<strong>Sar-consulting.eu dro\u0161\u012bba ir ne tikai m\u016bsu priorit\u0101te, bet ar\u012b nemain\u012bga ap\u0146em\u0161an\u0101s r\u016bp\u0113ties par katru j\u016brnieku j\u016br\u0101.<\/strong>\t\t\t\t\t\t<\/div>\n\t\t\t\t<\/div>\n\t\t\t\t<div class=\"elementor-element elementor-element-a321aa5 elementor-widget elementor-widget-button\" data-id=\"a321aa5\" data-element_type=\"widget\" data-widget_type=\"button.default\">\n\t\t\t\t<div class=\"elementor-widget-container\">\n\t\t\t\t\t<div class=\"elementor-button-wrapper\">\n\t\t\t<a href=\"https:\/\/www.sar-consulting.eu\/lv\/pakalpojumi\/\" class=\"elementor-button-link elementor-button elementor-size-sm\" role=\"button\">\n\t\t\t\t\t\t<span class=\"elementor-button-content-wrapper\">\n\t\t\t\t\t\t<span class=\"elementor-button-text\">M\u016bsu pakalpojumi<\/span>\n\t\t<\/span>\n\t\t\t\t\t<\/a>\n\t\t<\/div>\n\t\t\t\t<\/div>\n\t\t\t\t<\/div>\n\t\t\t\t\t<\/div>\n\t\t<\/div>\n\t\t\t\t<div class=\"elementor-column elementor-col-50 elementor-top-column elementor-element elementor-element-c50a96e\" data-id=\"c50a96e\" data-element_type=\"column\">\n\t\t\t<div class=\"elementor-widget-wrap\">\n\t\t\t\t\t\t\t\t\t<\/div>\n\t\t<\/div>\n\t\t\t\t\t\t\t<\/div>\n\t\t<\/section>\n\t\t\t\t\t\t\t<\/div>","protected":false},"excerpt":{"rendered":"<p>Par mums sar-consulting.eu, ko dibin\u0101jusi Juliana Schmidt-Theurer, nodro\u0161ina profesion\u0101lu mekl\u0113\u0161anas un gl\u0101b\u0161anas apm\u0101c\u012bbu un konsult\u0101cijas, lai uzlabotu dro\u0161\u012bbu j\u016br\u0101. Sniedzot iesp\u0113jas kaptei\u0146iem un virsniekiem, m\u0113s veicin\u0101m sadarb\u012bbu ar SAR organiz\u0101cij\u0101m, lai sekm\u012bgi veiktu gl\u0101b\u0161anas oper\u0101cijas. Uzzin\u0101t vair\u0101k Rezerv\u0113t tie\u0161saistes san\u0101ksmi Sagatavo\u0161an\u0101s negaid\u012btajam: Visiomare GmbH (uz\u0146\u0113mums, kas atbild par sar-consulting.eu), dibin\u0101ts ...<\/p>\n<p class=\"read-more\"> <a class=\"\" href=\"https:\/\/www.sar-consulting.eu\/lv\/par\/\"> <span class=\"screen-reader-text\">Par<\/span> Read More &raquo;<\/a><\/p>","protected":false},"author":1,"featured_media":712,"parent":0,"menu_order":0,"comment_status":"closed","ping_status":"closed","template":"","meta":{"site-sidebar-layout":"no-sidebar","site-content-layout":"page-builder","ast-global-header-display":"","ast-banner-title-visibility":"","ast-main-header-display":"","ast-hfb-above-header-display":"","ast-hfb-below-header-display":"","ast-hfb-mobile-header-display":"","site-post-title":"disabled","ast-breadcrumbs-content":"disabled","ast-featured-img":"disabled","footer-sml-layout":"","theme-transparent-header-meta":"enabled","adv-header-id-meta":"","stick-header-meta":"","header-above-stick-meta":"","header-main-stick-meta":"","header-below-stick-meta":""},"_links":{"self":[{"href":"https:\/\/www.sar-consulting.eu\/lv\/wp-json\/wp\/v2\/pages\/310"}],"collection":[{"href":"https:\/\/www.sar-consulting.eu\/lv\/wp-json\/wp\/v2\/pages"}],"about":[{"href":"https:\/\/www.sar-consulting.eu\/lv\/wp-json\/wp\/v2\/types\/page"}],"author":[{"embeddable":true,"href":"https:\/\/www.sar-consulting.eu\/lv\/wp-json\/wp\/v2\/users\/1"}],"replies":[{"embeddable":true,"href":"https:\/\/www.sar-consulting.eu\/lv\/wp-json\/wp\/v2\/comments?post=310"}],"version-history":[{"count":0,"href":"https:\/\/www.sar-consulting.eu\/lv\/wp-json\/wp\/v2\/pages\/310\/revisions"}],"wp:featuredmedia":[{"embeddable":true,"href":"https:\/\/www.sar-consulting.eu\/lv\/wp-json\/wp\/v2\/media\/712"}],"wp:attachment":[{"href":"https:\/\/www.sar-consulting.eu\/lv\/wp-json\/wp\/v2\/media?parent=310"}],"curies":[{"name":"wp","href":"https:\/\/api.w.org\/{rel}","templated":true}]}}