{"id":632,"date":"2023-05-19T11:12:42","date_gmt":"2023-05-19T11:12:42","guid":{"rendered":"https:\/\/www.sar-consulting.eu\/?page_id=632"},"modified":"2023-05-20T11:52:54","modified_gmt":"2023-05-20T11:52:54","slug":"legal-notice","status":"publish","type":"page","link":"https:\/\/www.sar-consulting.eu\/fr\/avis-juridique\/","title":{"rendered":"Avis juridique"},"content":{"rendered":"<div data-elementor-type=\"wp-page\" data-elementor-id=\"632\" class=\"elementor elementor-632\">\n\t\t\t\t\t\t\t\t\t<section class=\"elementor-section elementor-top-section elementor-element elementor-element-be8c10f elementor-section-height-min-height elementor-section-boxed elementor-section-height-default elementor-section-items-middle\" data-id=\"be8c10f\" data-element_type=\"section\" data-settings=\"{&quot;background_background&quot;:&quot;classic&quot;}\">\n\t\t\t\t\t\t\t<div class=\"elementor-background-overlay\"><\/div>\n\t\t\t\t\t\t\t<div class=\"elementor-container elementor-column-gap-no\">\n\t\t\t\t\t<div class=\"elementor-column elementor-col-100 elementor-top-column elementor-element elementor-element-2b7ddac\" data-id=\"2b7ddac\" data-element_type=\"column\">\n\t\t\t<div class=\"elementor-widget-wrap elementor-element-populated\">\n\t\t\t\t\t\t\t\t<div class=\"elementor-element elementor-element-b1b729b elementor-widget elementor-widget-heading\" data-id=\"b1b729b\" data-element_type=\"widget\" data-widget_type=\"heading.default\">\n\t\t\t\t<div class=\"elementor-widget-container\">\n\t\t\t<style>\/*! elementor - v3.13.3 - 22-05-2023 *\/\n.elementor-heading-title{padding:0;margin:0;line-height:1}.elementor-widget-heading .elementor-heading-title[class*=elementor-size-]>a{color:inherit;font-size:inherit;line-height:inherit}.elementor-widget-heading .elementor-heading-title.elementor-size-small{font-size:15px}.elementor-widget-heading .elementor-heading-title.elementor-size-medium{font-size:19px}.elementor-widget-heading .elementor-heading-title.elementor-size-large{font-size:29px}.elementor-widget-heading .elementor-heading-title.elementor-size-xl{font-size:39px}.elementor-widget-heading .elementor-heading-title.elementor-size-xxl{font-size:59px}<\/style><h1 class=\"elementor-heading-title elementor-size-xl\">Avis juridique<\/h1>\t\t<\/div>\n\t\t\t\t<\/div>\n\t\t\t\t\t<\/div>\n\t\t<\/div>\n\t\t\t\t\t\t\t<\/div>\n\t\t<\/section>\n\t\t\t\t<section class=\"elementor-section elementor-top-section elementor-element elementor-element-62fcd5c elementor-section-boxed elementor-section-height-default elementor-section-height-default\" data-id=\"62fcd5c\" data-element_type=\"section\" data-settings=\"{&quot;background_background&quot;:&quot;classic&quot;}\">\n\t\t\t\t\t\t<div class=\"elementor-container elementor-column-gap-no\">\n\t\t\t\t\t<div class=\"elementor-column elementor-col-100 elementor-top-column elementor-element elementor-element-6096f1b\" data-id=\"6096f1b\" data-element_type=\"column\">\n\t\t\t<div class=\"elementor-widget-wrap elementor-element-populated\">\n\t\t\t\t\t\t\t\t<div class=\"elementor-element elementor-element-a533ff9 elementor-widget__width-initial elementor-widget elementor-widget-text-editor\" data-id=\"a533ff9\" data-element_type=\"widget\" data-widget_type=\"text-editor.default\">\n\t\t\t\t<div class=\"elementor-widget-container\">\n\t\t\t<style>\/*! elementor - v3.13.3 - 22-05-2023 *\/\n.elementor-widget-text-editor.elementor-drop-cap-view-stacked .elementor-drop-cap{background-color:#69727d;color:#fff}.elementor-widget-text-editor.elementor-drop-cap-view-framed .elementor-drop-cap{color:#69727d;border:3px solid;background-color:transparent}.elementor-widget-text-editor:not(.elementor-drop-cap-view-default) .elementor-drop-cap{margin-top:8px}.elementor-widget-text-editor:not(.elementor-drop-cap-view-default) .elementor-drop-cap-letter{width:1em;height:1em}.elementor-widget-text-editor .elementor-drop-cap{float:left;text-align:center;line-height:1;font-size:50px}.elementor-widget-text-editor .elementor-drop-cap-letter{display:inline-block}<\/style>\t\t\t\t<p><strong>Informations conform\u00e9ment \u00e0 l'article 5 du TMG :<\/strong><\/p><p>Visiomare GmbH<br \/>Am Tabakquartier 62<br \/>28197 Br\u00eame<br \/>Allemagne<\/p><p><strong>T\u00e9l :<\/strong> +49 421 40886507<br \/><strong>E-Mail :<\/strong> info@visiomare.com<br \/><strong>Cour d'enregistrement :<\/strong> Tribunal d'instance de Br\u00eame<br \/><strong>Registre du commerce :<\/strong> HRB 37961 HB<br \/><strong>Num\u00e9ro d'identification TVA conform\u00e9ment \u00e0 l'article 27 a de la loi allemande sur la taxe sur la valeur ajout\u00e9e :<\/strong> DE353310951<\/p><p><strong>Directeur g\u00e9n\u00e9ral :<\/strong> Juliana Schmidt-Theurer<br \/><br \/><strong>T\u00e9l :<\/strong> +49 421 40886507<br \/><strong>E-Mail :<\/strong> info@visiomare.com<br \/><strong>Personne responsable selon le \u00a7 18 Abs. 2 MStV : <\/strong>Juliana Schmidt-Theurer, c\/o Visiomare GmbH, Am Tabakquartier 62, 28197 Bremen, Allemagne<\/p><p><strong>Plate-forme pour les proc\u00e9dures de r\u00e8glement des litiges :<\/strong> https:\/\/ec.europa.eu\/odr<br \/>Nous sommes dispos\u00e9s \u00e0 participer \u00e0 une proc\u00e9dure de r\u00e9solution des litiges devant une commission d'arbitrage des consommateurs, mais nous n'y sommes pas oblig\u00e9s.<\/p>\t\t\t\t\t\t<\/div>\n\t\t\t\t<\/div>\n\t\t\t\t\t<\/div>\n\t\t<\/div>\n\t\t\t\t\t\t\t<\/div>\n\t\t<\/section>\n\t\t\t\t\t\t\t<\/div>","protected":false},"excerpt":{"rendered":"<p>Mentions l\u00e9gales Informations conform\u00e9ment \u00e0 l'article 5 de la TMG : Visiomare GmbHAm Tabakquartier 6228197 BremenDeutschland T\u00e9l : +49 421 40886507E-Mail : info@visiomare.comRegistry Court : Local Court BremenCommercial Register : HRB 37961 Num\u00e9ro d'identification HBVAT conform\u00e9ment \u00e0 l'article 27 a de la loi allemande sur la taxe \u00e0 la valeur ajout\u00e9e : DE353310951 Directeur g\u00e9n\u00e9ral : Juliana Schmidt-Theurer T\u00e9l : +49 421 40886507E-Mail : info@visiomare.comResponsible Personne vis\u00e9e \u00e0 l'article 18 ...<\/p>\n<p class=\"read-more\"> <a class=\"\" href=\"https:\/\/www.sar-consulting.eu\/fr\/avis-juridique\/\"> <span class=\"screen-reader-text\">Avis juridique<\/span> Read More &raquo;<\/a><\/p>","protected":false},"author":1,"featured_media":0,"parent":0,"menu_order":0,"comment_status":"closed","ping_status":"closed","template":"","meta":{"site-sidebar-layout":"no-sidebar","site-content-layout":"page-builder","ast-global-header-display":"","ast-banner-title-visibility":"","ast-main-header-display":"","ast-hfb-above-header-display":"","ast-hfb-below-header-display":"","ast-hfb-mobile-header-display":"","site-post-title":"disabled","ast-breadcrumbs-content":"disabled","ast-featured-img":"disabled","footer-sml-layout":"","theme-transparent-header-meta":"enabled","adv-header-id-meta":"","stick-header-meta":"","header-above-stick-meta":"","header-main-stick-meta":"","header-below-stick-meta":""},"_links":{"self":[{"href":"https:\/\/www.sar-consulting.eu\/fr\/wp-json\/wp\/v2\/pages\/632"}],"collection":[{"href":"https:\/\/www.sar-consulting.eu\/fr\/wp-json\/wp\/v2\/pages"}],"about":[{"href":"https:\/\/www.sar-consulting.eu\/fr\/wp-json\/wp\/v2\/types\/page"}],"author":[{"embeddable":true,"href":"https:\/\/www.sar-consulting.eu\/fr\/wp-json\/wp\/v2\/users\/1"}],"replies":[{"embeddable":true,"href":"https:\/\/www.sar-consulting.eu\/fr\/wp-json\/wp\/v2\/comments?post=632"}],"version-history":[{"count":0,"href":"https:\/\/www.sar-consulting.eu\/fr\/wp-json\/wp\/v2\/pages\/632\/revisions"}],"wp:attachment":[{"href":"https:\/\/www.sar-consulting.eu\/fr\/wp-json\/wp\/v2\/media?parent=632"}],"curies":[{"name":"wp","href":"https:\/\/api.w.org\/{rel}","templated":true}]}}