{"id":310,"date":"2021-11-04T10:21:53","date_gmt":"2021-11-04T10:21:53","guid":{"rendered":"https:\/\/www.sar-consulting.eu\/about\/"},"modified":"2023-05-27T08:32:49","modified_gmt":"2023-05-27T08:32:49","slug":"about","status":"publish","type":"page","link":"https:\/\/www.sar-consulting.eu\/fr\/a-propos-de\/","title":{"rendered":"A propos de"},"content":{"rendered":"<div data-elementor-type=\"wp-page\" data-elementor-id=\"310\" class=\"elementor elementor-310\">\n\t\t\t\t\t\t\t\t\t<section class=\"elementor-section elementor-top-section elementor-element elementor-element-e9dcefa elementor-section-height-min-height elementor-section-boxed elementor-section-height-default elementor-section-items-middle\" data-id=\"e9dcefa\" data-element_type=\"section\" data-settings=\"{&quot;background_background&quot;:&quot;classic&quot;}\">\n\t\t\t\t\t\t\t<div class=\"elementor-background-overlay\"><\/div>\n\t\t\t\t\t\t\t<div class=\"elementor-container elementor-column-gap-no\">\n\t\t\t\t\t<div class=\"elementor-column elementor-col-100 elementor-top-column elementor-element elementor-element-1e0c67f\" data-id=\"1e0c67f\" data-element_type=\"column\">\n\t\t\t<div class=\"elementor-widget-wrap elementor-element-populated\">\n\t\t\t\t\t\t\t\t<div class=\"elementor-element elementor-element-274ee19 elementor-widget elementor-widget-heading\" data-id=\"274ee19\" data-element_type=\"widget\" data-widget_type=\"heading.default\">\n\t\t\t\t<div class=\"elementor-widget-container\">\n\t\t\t<style>\/*! elementor - v3.13.3 - 22-05-2023 *\/\n.elementor-heading-title{padding:0;margin:0;line-height:1}.elementor-widget-heading .elementor-heading-title[class*=elementor-size-]>a{color:inherit;font-size:inherit;line-height:inherit}.elementor-widget-heading .elementor-heading-title.elementor-size-small{font-size:15px}.elementor-widget-heading .elementor-heading-title.elementor-size-medium{font-size:19px}.elementor-widget-heading .elementor-heading-title.elementor-size-large{font-size:29px}.elementor-widget-heading .elementor-heading-title.elementor-size-xl{font-size:39px}.elementor-widget-heading .elementor-heading-title.elementor-size-xxl{font-size:59px}<\/style><h1 class=\"elementor-heading-title elementor-size-xl\">A propos de nous<\/h1>\t\t<\/div>\n\t\t\t\t<\/div>\n\t\t\t\t<div class=\"elementor-element elementor-element-63e70ed elementor-widget__width-initial elementor-widget elementor-widget-text-editor\" data-id=\"63e70ed\" data-element_type=\"widget\" data-widget_type=\"text-editor.default\">\n\t\t\t\t<div class=\"elementor-widget-container\">\n\t\t\t<style>\/*! elementor - v3.13.3 - 22-05-2023 *\/\n.elementor-widget-text-editor.elementor-drop-cap-view-stacked .elementor-drop-cap{background-color:#69727d;color:#fff}.elementor-widget-text-editor.elementor-drop-cap-view-framed .elementor-drop-cap{color:#69727d;border:3px solid;background-color:transparent}.elementor-widget-text-editor:not(.elementor-drop-cap-view-default) .elementor-drop-cap{margin-top:8px}.elementor-widget-text-editor:not(.elementor-drop-cap-view-default) .elementor-drop-cap-letter{width:1em;height:1em}.elementor-widget-text-editor .elementor-drop-cap{float:left;text-align:center;line-height:1;font-size:50px}.elementor-widget-text-editor .elementor-drop-cap-letter{display:inline-block}<\/style>\t\t\t\t<p>sar-consulting.eu, fond\u00e9 par Juliana Schmidt-Theurer, propose des formations et des conseils professionnels en mati\u00e8re de recherche et de sauvetage maritimes afin d'am\u00e9liorer la s\u00e9curit\u00e9 en mer. En donnant aux capitaines et aux officiers les moyens d'agir, nous favorisons la collaboration avec les organisations de recherche et de sauvetage pour que les op\u00e9rations de sauvetage soient couronn\u00e9es de succ\u00e8s.<\/p>\t\t\t\t\t\t<\/div>\n\t\t\t\t<\/div>\n\t\t\t\t<section class=\"elementor-section elementor-inner-section elementor-element elementor-element-44575fa elementor-section-boxed elementor-section-height-default elementor-section-height-default\" data-id=\"44575fa\" data-element_type=\"section\">\n\t\t\t\t\t\t<div class=\"elementor-container elementor-column-gap-no\">\n\t\t\t\t\t<div class=\"elementor-column elementor-col-100 elementor-inner-column elementor-element elementor-element-7b6a937\" data-id=\"7b6a937\" data-element_type=\"column\">\n\t\t\t<div class=\"elementor-widget-wrap elementor-element-populated\">\n\t\t\t\t\t\t\t\t<div class=\"elementor-element elementor-element-5a9a413 elementor-widget__width-initial elementor-widget elementor-widget-button\" data-id=\"5a9a413\" data-element_type=\"widget\" data-widget_type=\"button.default\">\n\t\t\t\t<div class=\"elementor-widget-container\">\n\t\t\t\t\t<div class=\"elementor-button-wrapper\">\n\t\t\t<a href=\"#getstarted\" class=\"elementor-button-link elementor-button elementor-size-sm\" role=\"button\">\n\t\t\t\t\t\t<span class=\"elementor-button-content-wrapper\">\n\t\t\t\t\t\t<span class=\"elementor-button-text\">En savoir plus<\/span>\n\t\t<\/span>\n\t\t\t\t\t<\/a>\n\t\t<\/div>\n\t\t\t\t<\/div>\n\t\t\t\t<\/div>\n\t\t\t\t<div class=\"elementor-element elementor-element-7184e45 elementor-widget__width-auto elementor-widget elementor-widget-button\" data-id=\"7184e45\" data-element_type=\"widget\" data-widget_type=\"button.default\">\n\t\t\t\t<div class=\"elementor-widget-container\">\n\t\t\t\t\t<div class=\"elementor-button-wrapper\">\n\t\t\t<a href=\"https:\/\/calendly.com\/d\/z84-8gx-3wg\/30min\" class=\"elementor-button-link elementor-button elementor-size-sm\" role=\"button\">\n\t\t\t\t\t\t<span class=\"elementor-button-content-wrapper\">\n\t\t\t\t\t\t<span class=\"elementor-button-text\">R\u00e9server une r\u00e9union en ligne<\/span>\n\t\t<\/span>\n\t\t\t\t\t<\/a>\n\t\t<\/div>\n\t\t\t\t<\/div>\n\t\t\t\t<\/div>\n\t\t\t\t\t<\/div>\n\t\t<\/div>\n\t\t\t\t\t\t\t<\/div>\n\t\t<\/section>\n\t\t\t\t\t<\/div>\n\t\t<\/div>\n\t\t\t\t\t\t\t<\/div>\n\t\t<\/section>\n\t\t\t\t<section class=\"elementor-section elementor-top-section elementor-element elementor-element-9ca55ae elementor-section-boxed elementor-section-height-default elementor-section-height-default\" data-id=\"9ca55ae\" data-element_type=\"section\" data-settings=\"{&quot;background_background&quot;:&quot;classic&quot;}\">\n\t\t\t\t\t\t<div class=\"elementor-container elementor-column-gap-no\">\n\t\t\t\t\t<div class=\"elementor-column elementor-col-50 elementor-top-column elementor-element elementor-element-285d1fe\" data-id=\"285d1fe\" data-element_type=\"column\">\n\t\t\t<div class=\"elementor-widget-wrap elementor-element-populated\">\n\t\t\t\t\t\t\t\t<div class=\"elementor-element elementor-element-6108ee1 elementor-widget elementor-widget-heading\" data-id=\"6108ee1\" data-element_type=\"widget\" data-widget_type=\"heading.default\">\n\t\t\t\t<div class=\"elementor-widget-container\">\n\t\t\t<h2 class=\"elementor-heading-title elementor-size-large\">Se pr\u00e9parer \u00e0 l'inattendu : Services de formation maritime sp\u00e9cialis\u00e9s<\/h2>\t\t<\/div>\n\t\t\t\t<\/div>\n\t\t\t\t<div class=\"elementor-element elementor-element-8c5d80c elementor-widget elementor-widget-menu-anchor\" data-id=\"8c5d80c\" data-element_type=\"widget\" data-widget_type=\"menu-anchor.default\">\n\t\t\t\t<div class=\"elementor-widget-container\">\n\t\t\t<style>\/*! elementor - v3.13.3 - 22-05-2023 *\/\nbody.elementor-page .elementor-widget-menu-anchor{margin-bottom:0}<\/style>\t\t<div id=\"getstarted\" class=\"elementor-menu-anchor\"><\/div>\n\t\t\t\t<\/div>\n\t\t\t\t<\/div>\n\t\t\t\t<div class=\"elementor-element elementor-element-316c73b elementor-widget elementor-widget-text-editor\" data-id=\"316c73b\" data-element_type=\"widget\" data-widget_type=\"text-editor.default\">\n\t\t\t\t<div class=\"elementor-widget-container\">\n\t\t\t\t\t\t\t<p>Visiomare GmbH (la soci\u00e9t\u00e9 derri\u00e8re sar-consulting.eu), fond\u00e9e par Juliana Schmidt-Theurer en 2022, a pour objectif d'\u00e9tablir des op\u00e9rations professionnelles de recherche et de sauvetage en mer dans la navigation commerciale. Dans le but d'accro\u00eetre la s\u00e9curit\u00e9 en mer, visiomare propose une formation compl\u00e8te \u00e0 la recherche et au sauvetage aux capitaines, aux officiers et au personnel de diverses institutions. Cette formation leur permet non seulement de r\u00e9agir, mais aussi de prendre des mesures proactives dans les situations d'urgence, en favorisant une collaboration efficace avec les organisations de recherche et de sauvetage et en garantissant le retour en toute s\u00e9curit\u00e9 des marins.<\/p>\t\t\t\t\t\t<\/div>\n\t\t\t\t<\/div>\n\t\t\t\t<div class=\"elementor-element elementor-element-7d7b8ca elementor-widget elementor-widget-text-editor\" data-id=\"7d7b8ca\" data-element_type=\"widget\" data-widget_type=\"text-editor.default\">\n\t\t\t\t<div class=\"elementor-widget-container\">\n\t\t\t\t\t\t\tJuliana Schmidt-Theurer, n\u00e9e \u00e0 Berlin et \u00e9lev\u00e9e \u00e0 la Barbade, s'est lanc\u00e9e dans une carri\u00e8re maritime apr\u00e8s avoir obtenu un dipl\u00f4me d'ing\u00e9nieur avec une qualification en transport maritime \u00e0 la Hochschule Bremen. Travaillant avec <a href=\"https:\/\/www.hl-cruises.com\" target=\"_blank\" rel=\"noopener\">Croisi\u00e8res Hapag Lloyd<\/a> sur le \"MS Bremen\", elle a navigu\u00e9 sur des itin\u00e9raires uniques comme le passage du Nord-Est, le passage du Nord-Ouest, le Pacifique Sud et le fleuve Amazone.\t\t\t\t\t\t<\/div>\n\t\t\t\t<\/div>\n\t\t\t\t<div class=\"elementor-element elementor-element-da3fc98 elementor-widget elementor-widget-text-editor\" data-id=\"da3fc98\" data-element_type=\"widget\" data-widget_type=\"text-editor.default\">\n\t\t\t\t<div class=\"elementor-widget-container\">\n\t\t\t\t\t\t\t<p>En 2017, Juliana est pass\u00e9e \u00e0 un travail terrestre et a commenc\u00e9 \u00e0 travailler pour le Centre de coordination des secours maritimes (<a href=\"https:\/\/de.wikipedia.org\/wiki\/Rettungsleitstelle_See\" target=\"_blank\" rel=\"noopener\">MRCC Bremen<\/a>\/DGzRS). Au d\u00e9but des ann\u00e9es 2020, elle a assum\u00e9 un double r\u00f4le, conservant son poste au MRCC tout en se lan\u00e7ant dans la formation. En tant que formatrice certifi\u00e9e au Centre de simulation de l'Acad\u00e9mie de sauvetage en mer de la DGZRS, elle a jou\u00e9 un r\u00f4le crucial dans l'\u00e9laboration et la mise en \u0153uvre de cours tels que <a href=\"https:\/\/www.visiomare.com\/on-scene-coordinator-training-basic\/\" target=\"_blank\" rel=\"noopener\">OSC de base<\/a>Elle a \u00e9galement con\u00e7u des concepts de formation complets en anglais maritime pour le d\u00e9veloppement professionnel des coll\u00e8gues de la DGZRS. En outre, elle a con\u00e7u des concepts de formation complets en anglais maritime pour le d\u00e9veloppement professionnel des coll\u00e8gues de la DGSRF.<\/p>\t\t\t\t\t\t<\/div>\n\t\t\t\t<\/div>\n\t\t\t\t<div class=\"elementor-element elementor-element-581a33f elementor-widget elementor-widget-text-editor\" data-id=\"581a33f\" data-element_type=\"widget\" data-widget_type=\"text-editor.default\">\n\t\t\t\t<div class=\"elementor-widget-container\">\n\t\t\t\t\t\t\tChez sar-consulting.eu, nous sommes plus qu'une \u00e9quipe ; nous sommes un guide dans l'industrie maritime, qui se consacre \u00e0 la fourniture d'une formation professionnelle de haut niveau. Notre mission est de doter toutes les organisations des comp\u00e9tences et des connaissances n\u00e9cessaires pour faire face aux situations d'urgence avec confiance et efficacit\u00e9. Nous collaborons avec diverses autorit\u00e9s, notamment la police des eaux, la police f\u00e9d\u00e9rale, la marine, les douanes et les pilotes maritimes, ce qui permet de coop\u00e9rer avec les organisations de recherche et de sauvetage et d'optimiser les op\u00e9rations de sauvetage. Gr\u00e2ce \u00e0 une expertise appropri\u00e9e, une vaste exp\u00e9rience et une formation continue, nous sommes fermement convaincus que chaque situation d'urgence peut \u00eatre g\u00e9r\u00e9e avec tact et r\u00e9solue avec succ\u00e8s.\t\t\t\t\t\t<\/div>\n\t\t\t\t<\/div>\n\t\t\t\t<div class=\"elementor-element elementor-element-275b551 elementor-widget elementor-widget-text-editor\" data-id=\"275b551\" data-element_type=\"widget\" data-widget_type=\"text-editor.default\">\n\t\t\t\t<div class=\"elementor-widget-container\">\n\t\t\t\t\t\t\t<strong>Chez sar-consulting.eu, la s\u00e9curit\u00e9 n'est pas seulement notre priorit\u00e9, c'est notre engagement ind\u00e9fectible envers tous les marins.<\/strong>\t\t\t\t\t\t<\/div>\n\t\t\t\t<\/div>\n\t\t\t\t<div class=\"elementor-element elementor-element-a321aa5 elementor-widget elementor-widget-button\" data-id=\"a321aa5\" data-element_type=\"widget\" data-widget_type=\"button.default\">\n\t\t\t\t<div class=\"elementor-widget-container\">\n\t\t\t\t\t<div class=\"elementor-button-wrapper\">\n\t\t\t<a href=\"https:\/\/www.sar-consulting.eu\/fr\/services\/\" class=\"elementor-button-link elementor-button elementor-size-sm\" role=\"button\">\n\t\t\t\t\t\t<span class=\"elementor-button-content-wrapper\">\n\t\t\t\t\t\t<span class=\"elementor-button-text\">Nos services<\/span>\n\t\t<\/span>\n\t\t\t\t\t<\/a>\n\t\t<\/div>\n\t\t\t\t<\/div>\n\t\t\t\t<\/div>\n\t\t\t\t\t<\/div>\n\t\t<\/div>\n\t\t\t\t<div class=\"elementor-column elementor-col-50 elementor-top-column elementor-element elementor-element-c50a96e\" data-id=\"c50a96e\" data-element_type=\"column\">\n\t\t\t<div class=\"elementor-widget-wrap\">\n\t\t\t\t\t\t\t\t\t<\/div>\n\t\t<\/div>\n\t\t\t\t\t\t\t<\/div>\n\t\t<\/section>\n\t\t\t\t\t\t\t<\/div>","protected":false},"excerpt":{"rendered":"<p>\u00c0 propos de nous sar-consulting.eu, fond\u00e9 par Juliana Schmidt-Theurer, propose des formations et des conseils professionnels en mati\u00e8re de recherche et de sauvetage maritimes afin d'am\u00e9liorer la s\u00e9curit\u00e9 en mer. En donnant aux capitaines et aux officiers les moyens d'agir, nous favorisons la collaboration avec les organisations de recherche et de sauvetage pour que les op\u00e9rations de sauvetage soient couronn\u00e9es de succ\u00e8s. En savoir plus R\u00e9server une r\u00e9union en ligne Se pr\u00e9parer \u00e0 l'inattendu : Services de formation maritime sp\u00e9cialis\u00e9s Visiomare GmbH (la soci\u00e9t\u00e9 derri\u00e8re sar-consulting.eu), fond\u00e9e ...<\/p>\n<p class=\"read-more\"> <a class=\"\" href=\"https:\/\/www.sar-consulting.eu\/fr\/a-propos-de\/\"> <span class=\"screen-reader-text\">A propos de<\/span> Read More &raquo;<\/a><\/p>","protected":false},"author":1,"featured_media":712,"parent":0,"menu_order":0,"comment_status":"closed","ping_status":"closed","template":"","meta":{"site-sidebar-layout":"no-sidebar","site-content-layout":"page-builder","ast-global-header-display":"","ast-banner-title-visibility":"","ast-main-header-display":"","ast-hfb-above-header-display":"","ast-hfb-below-header-display":"","ast-hfb-mobile-header-display":"","site-post-title":"disabled","ast-breadcrumbs-content":"disabled","ast-featured-img":"disabled","footer-sml-layout":"","theme-transparent-header-meta":"enabled","adv-header-id-meta":"","stick-header-meta":"","header-above-stick-meta":"","header-main-stick-meta":"","header-below-stick-meta":""},"_links":{"self":[{"href":"https:\/\/www.sar-consulting.eu\/fr\/wp-json\/wp\/v2\/pages\/310"}],"collection":[{"href":"https:\/\/www.sar-consulting.eu\/fr\/wp-json\/wp\/v2\/pages"}],"about":[{"href":"https:\/\/www.sar-consulting.eu\/fr\/wp-json\/wp\/v2\/types\/page"}],"author":[{"embeddable":true,"href":"https:\/\/www.sar-consulting.eu\/fr\/wp-json\/wp\/v2\/users\/1"}],"replies":[{"embeddable":true,"href":"https:\/\/www.sar-consulting.eu\/fr\/wp-json\/wp\/v2\/comments?post=310"}],"version-history":[{"count":0,"href":"https:\/\/www.sar-consulting.eu\/fr\/wp-json\/wp\/v2\/pages\/310\/revisions"}],"wp:featuredmedia":[{"embeddable":true,"href":"https:\/\/www.sar-consulting.eu\/fr\/wp-json\/wp\/v2\/media\/712"}],"wp:attachment":[{"href":"https:\/\/www.sar-consulting.eu\/fr\/wp-json\/wp\/v2\/media?parent=310"}],"curies":[{"name":"wp","href":"https:\/\/api.w.org\/{rel}","templated":true}]}}