{"id":310,"date":"2021-11-04T10:21:53","date_gmt":"2021-11-04T10:21:53","guid":{"rendered":"https:\/\/www.sar-consulting.eu\/about\/"},"modified":"2023-05-27T08:32:49","modified_gmt":"2023-05-27T08:32:49","slug":"about","status":"publish","type":"page","link":"https:\/\/www.sar-consulting.eu\/de\/uber\/","title":{"rendered":"\u00dcber uns"},"content":{"rendered":"<div data-elementor-type=\"wp-page\" data-elementor-id=\"310\" class=\"elementor elementor-310\">\n\t\t\t\t\t\t\t\t\t<section class=\"elementor-section elementor-top-section elementor-element elementor-element-e9dcefa elementor-section-height-min-height elementor-section-boxed elementor-section-height-default elementor-section-items-middle\" data-id=\"e9dcefa\" data-element_type=\"section\" data-settings=\"{&quot;background_background&quot;:&quot;classic&quot;}\">\n\t\t\t\t\t\t\t<div class=\"elementor-background-overlay\"><\/div>\n\t\t\t\t\t\t\t<div class=\"elementor-container elementor-column-gap-no\">\n\t\t\t\t\t<div class=\"elementor-column elementor-col-100 elementor-top-column elementor-element elementor-element-1e0c67f\" data-id=\"1e0c67f\" data-element_type=\"column\">\n\t\t\t<div class=\"elementor-widget-wrap elementor-element-populated\">\n\t\t\t\t\t\t\t\t<div class=\"elementor-element elementor-element-274ee19 elementor-widget elementor-widget-heading\" data-id=\"274ee19\" data-element_type=\"widget\" data-widget_type=\"heading.default\">\n\t\t\t\t<div class=\"elementor-widget-container\">\n\t\t\t<style>\/*! elementor - v3.13.3 - 22-05-2023 *\/\n.elementor-heading-title{padding:0;margin:0;line-height:1}.elementor-widget-heading .elementor-heading-title[class*=elementor-size-]>a{color:inherit;font-size:inherit;line-height:inherit}.elementor-widget-heading .elementor-heading-title.elementor-size-small{font-size:15px}.elementor-widget-heading .elementor-heading-title.elementor-size-medium{font-size:19px}.elementor-widget-heading .elementor-heading-title.elementor-size-large{font-size:29px}.elementor-widget-heading .elementor-heading-title.elementor-size-xl{font-size:39px}.elementor-widget-heading .elementor-heading-title.elementor-size-xxl{font-size:59px}<\/style><h1 class=\"elementor-heading-title elementor-size-xl\">\u00dcber uns<\/h1>\t\t<\/div>\n\t\t\t\t<\/div>\n\t\t\t\t<div class=\"elementor-element elementor-element-63e70ed elementor-widget__width-initial elementor-widget elementor-widget-text-editor\" data-id=\"63e70ed\" data-element_type=\"widget\" data-widget_type=\"text-editor.default\">\n\t\t\t\t<div class=\"elementor-widget-container\">\n\t\t\t<style>\/*! elementor - v3.13.3 - 22-05-2023 *\/\n.elementor-widget-text-editor.elementor-drop-cap-view-stacked .elementor-drop-cap{background-color:#69727d;color:#fff}.elementor-widget-text-editor.elementor-drop-cap-view-framed .elementor-drop-cap{color:#69727d;border:3px solid;background-color:transparent}.elementor-widget-text-editor:not(.elementor-drop-cap-view-default) .elementor-drop-cap{margin-top:8px}.elementor-widget-text-editor:not(.elementor-drop-cap-view-default) .elementor-drop-cap-letter{width:1em;height:1em}.elementor-widget-text-editor .elementor-drop-cap{float:left;text-align:center;line-height:1;font-size:50px}.elementor-widget-text-editor .elementor-drop-cap-letter{display:inline-block}<\/style>\t\t\t\t<p>sar-consulting.eu, gegr\u00fcndet von Juliana Schmidt-Theurer, bietet professionelle Such- und Rettungstrainings und Beratung zur Verbesserung der Sicherheit auf See an. Wir bef\u00e4higen Kapit\u00e4ne, Offiziere, Bootsf\u00fchrer*innen von Beh\u00f6rdenfahrzeugen als auch Verwaltungen und f\u00f6rdern die Zusammenarbeit mit SAR-Organisationen f\u00fcr erfolgreiche Such- und Rettungseins\u00e4tze.<\/p>\t\t\t\t\t\t<\/div>\n\t\t\t\t<\/div>\n\t\t\t\t<section class=\"elementor-section elementor-inner-section elementor-element elementor-element-44575fa elementor-section-boxed elementor-section-height-default elementor-section-height-default\" data-id=\"44575fa\" data-element_type=\"section\">\n\t\t\t\t\t\t<div class=\"elementor-container elementor-column-gap-no\">\n\t\t\t\t\t<div class=\"elementor-column elementor-col-100 elementor-inner-column elementor-element elementor-element-7b6a937\" data-id=\"7b6a937\" data-element_type=\"column\">\n\t\t\t<div class=\"elementor-widget-wrap elementor-element-populated\">\n\t\t\t\t\t\t\t\t<div class=\"elementor-element elementor-element-5a9a413 elementor-widget__width-initial elementor-widget elementor-widget-button\" data-id=\"5a9a413\" data-element_type=\"widget\" data-widget_type=\"button.default\">\n\t\t\t\t<div class=\"elementor-widget-container\">\n\t\t\t\t\t<div class=\"elementor-button-wrapper\">\n\t\t\t<a href=\"#getstarted\" class=\"elementor-button-link elementor-button elementor-size-sm\" role=\"button\">\n\t\t\t\t\t\t<span class=\"elementor-button-content-wrapper\">\n\t\t\t\t\t\t<span class=\"elementor-button-text\">Mehr erfahren<\/span>\n\t\t<\/span>\n\t\t\t\t\t<\/a>\n\t\t<\/div>\n\t\t\t\t<\/div>\n\t\t\t\t<\/div>\n\t\t\t\t<div class=\"elementor-element elementor-element-7184e45 elementor-widget__width-auto elementor-widget elementor-widget-button\" data-id=\"7184e45\" data-element_type=\"widget\" data-widget_type=\"button.default\">\n\t\t\t\t<div class=\"elementor-widget-container\">\n\t\t\t\t\t<div class=\"elementor-button-wrapper\">\n\t\t\t<a href=\"https:\/\/calendly.com\/d\/z84-8gx-3wg\/30min\" class=\"elementor-button-link elementor-button elementor-size-sm\" role=\"button\">\n\t\t\t\t\t\t<span class=\"elementor-button-content-wrapper\">\n\t\t\t\t\t\t<span class=\"elementor-button-text\">Online Termin buchen<\/span>\n\t\t<\/span>\n\t\t\t\t\t<\/a>\n\t\t<\/div>\n\t\t\t\t<\/div>\n\t\t\t\t<\/div>\n\t\t\t\t\t<\/div>\n\t\t<\/div>\n\t\t\t\t\t\t\t<\/div>\n\t\t<\/section>\n\t\t\t\t\t<\/div>\n\t\t<\/div>\n\t\t\t\t\t\t\t<\/div>\n\t\t<\/section>\n\t\t\t\t<section class=\"elementor-section elementor-top-section elementor-element elementor-element-9ca55ae elementor-section-boxed elementor-section-height-default elementor-section-height-default\" data-id=\"9ca55ae\" data-element_type=\"section\" data-settings=\"{&quot;background_background&quot;:&quot;classic&quot;}\">\n\t\t\t\t\t\t<div class=\"elementor-container elementor-column-gap-no\">\n\t\t\t\t\t<div class=\"elementor-column elementor-col-50 elementor-top-column elementor-element elementor-element-285d1fe\" data-id=\"285d1fe\" data-element_type=\"column\">\n\t\t\t<div class=\"elementor-widget-wrap elementor-element-populated\">\n\t\t\t\t\t\t\t\t<div class=\"elementor-element elementor-element-6108ee1 elementor-widget elementor-widget-heading\" data-id=\"6108ee1\" data-element_type=\"widget\" data-widget_type=\"heading.default\">\n\t\t\t\t<div class=\"elementor-widget-container\">\n\t\t\t<h2 class=\"elementor-heading-title elementor-size-large\">F\u00fcr das Unerwartete gewappnet sein: Trainings f\u00fcr SAR<\/h2>\t\t<\/div>\n\t\t\t\t<\/div>\n\t\t\t\t<div class=\"elementor-element elementor-element-8c5d80c elementor-widget elementor-widget-menu-anchor\" data-id=\"8c5d80c\" data-element_type=\"widget\" data-widget_type=\"menu-anchor.default\">\n\t\t\t\t<div class=\"elementor-widget-container\">\n\t\t\t<style>\/*! elementor - v3.13.3 - 22-05-2023 *\/\nbody.elementor-page .elementor-widget-menu-anchor{margin-bottom:0}<\/style>\t\t<div id=\"getstarted\" class=\"elementor-menu-anchor\"><\/div>\n\t\t\t\t<\/div>\n\t\t\t\t<\/div>\n\t\t\t\t<div class=\"elementor-element elementor-element-316c73b elementor-widget elementor-widget-text-editor\" data-id=\"316c73b\" data-element_type=\"widget\" data-widget_type=\"text-editor.default\">\n\t\t\t\t<div class=\"elementor-widget-container\">\n\t\t\t\t\t\t\t<p>Die Visiomare GmbH (das Unternehmen hinter sar-consulting.eu) wurde 2022 von Juliana Schmidt-Theurer gegr\u00fcndet und hat sich zum Ziel gesetzt, Unterst\u00fctzung f\u00fcr professionelle maritime Such- und Rettungsma\u00dfnahmen in der Berufsschifffahrt anzubieten. Mit dem Fokus auf die Erh\u00f6hung der Sicherheit auf See bietet visiomare umfassende Such- und Rettungstrainings f\u00fcr Kapit\u00e4ne, Offiziere und Personal verschiedener Institutionen an. Diese Trainings bef\u00e4higen Sie, in Notsituationen nicht nur zu reagieren, sondern auch proaktiv agieren zu k\u00f6nnen in dem Sie effektive Ma\u00dfnahmen ergreifen und einleiten k\u00f6nnen. In Verbindung mit einer effektiven Zusammenarbeit mit SAR-Organisationen f\u00f6rdert dies die sichere R\u00fcckkehr von Seeleuten \u00fcberall auf der Welt.<\/p>\t\t\t\t\t\t<\/div>\n\t\t\t\t<\/div>\n\t\t\t\t<div class=\"elementor-element elementor-element-7d7b8ca elementor-widget elementor-widget-text-editor\" data-id=\"7d7b8ca\" data-element_type=\"widget\" data-widget_type=\"text-editor.default\">\n\t\t\t\t<div class=\"elementor-widget-container\">\n\t\t\t\t\t\t\tJuliana Schmidt-Theurer, geboren in Berlin und aufgewachsen auf Barbados, begann ihre maritime Karriere nach dem Abschluss als Diplom-Wirtschafts-Ingenieurin f\u00fcr Seeverkehr an der Hochschule Bremen. Als Navigationsoffizieren bei <a href=\"https:\/\/www.hl-cruises.com\" target=\"_blank\" rel=\"noopener\">Hapag Lloyd Kreuzfahrten<\/a> auf der \"MS Bremen\" befuhr sie einzigartige Routen wie die Nordostpassage, die Nordwestpassage, den S\u00fcdpazifik und den Amazonas.\t\t\t\t\t\t<\/div>\n\t\t\t\t<\/div>\n\t\t\t\t<div class=\"elementor-element elementor-element-da3fc98 elementor-widget elementor-widget-text-editor\" data-id=\"da3fc98\" data-element_type=\"widget\" data-widget_type=\"text-editor.default\">\n\t\t\t\t<div class=\"elementor-widget-container\">\n\t\t\t\t\t\t\t<p>Im Jahr 2017 wechselte Juliana mit einem Job an Land und begann im Maritime Rescue Coordination Center (<a href=\"https:\/\/de.wikipedia.org\/wiki\/Rettungsleitstelle_See\" target=\"_blank\" rel=\"noopener\">MRCC Bremen<\/a>\/DGzRS) zu arbeiten. Anfang der 2020er Jahre \u00fcbernahm sie eine Doppelrolle, indem sie ihre Position im MRCC beibehielt und sich gleichzeitig in die Ausbildung wagte. Als zertifizierte Ausbilderin, nach AEVO, im Simulatorzentrum der Seenotretter-Akademie der DGzRS spielte sie eine entscheidende Rolle bei der Entwicklung und Durchf\u00fchrung von Kursen wie <a href=\"https:\/\/www.visiomare.com\/on-scene-coordinator-training-basic\/\" target=\"_blank\" rel=\"noopener\">OSC Basic<\/a>, Advanced &amp; Refresher. Dar\u00fcber hinaus entwickelte sie umfassende Schulungskonzepte in Bereich des maritimem Englisch f\u00fcr die berufliche Weiterbildung von DGzRS-Kollegen.<\/p>\t\t\t\t\t\t<\/div>\n\t\t\t\t<\/div>\n\t\t\t\t<div class=\"elementor-element elementor-element-581a33f elementor-widget elementor-widget-text-editor\" data-id=\"581a33f\" data-element_type=\"widget\" data-widget_type=\"text-editor.default\">\n\t\t\t\t<div class=\"elementor-widget-container\">\n\t\t\t\t\t\t\tWir von sar-consulting.eu sind nicht nur ein Team, sondern auch ein Vorbild in der maritimen Industrie, welches sich der Bereitstellung professioneller und erstklassiger Trainings verschrieben hat. Unser Ziel ist es, alle Organisationen mit den F\u00e4higkeiten und Kenntnissen auszustatten, die sie ben\u00f6tigen, um in Notf\u00e4llen sicher und effektiv zu navigieren. Wir arbeiten mit verschiedenen Beh\u00f6rden zusammen, darunter die Wasserschutzpolizei, Bundespolizei,  Marine, Zoll und den Seelotsen, um die Zusammenarbeit mit den SAR-Organisationen zu erm\u00f6glichen und die Rettungsma\u00dfnahmen zu optimieren. Wir sind der festen \u00dcberzeugung, dass mit dem richtigen Fachwissen, umfassender Erfahrung und st\u00e4ndiger Weiterbildung jede Notsituation effektiv gemeistert und erfolgreich gel\u00f6st werden kann.\t\t\t\t\t\t<\/div>\n\t\t\t\t<\/div>\n\t\t\t\t<div class=\"elementor-element elementor-element-275b551 elementor-widget elementor-widget-text-editor\" data-id=\"275b551\" data-element_type=\"widget\" data-widget_type=\"text-editor.default\">\n\t\t\t\t<div class=\"elementor-widget-container\">\n\t\t\t\t\t\t\t<strong>Sicherheit ist bei sar-consulting.eu mehr als eine Priorit\u00e4t - es ist unser unabl\u00e4ssiges Versprechen an alle Seeleute.<\/strong>\t\t\t\t\t\t<\/div>\n\t\t\t\t<\/div>\n\t\t\t\t<div class=\"elementor-element elementor-element-a321aa5 elementor-widget elementor-widget-button\" data-id=\"a321aa5\" data-element_type=\"widget\" data-widget_type=\"button.default\">\n\t\t\t\t<div class=\"elementor-widget-container\">\n\t\t\t\t\t<div class=\"elementor-button-wrapper\">\n\t\t\t<a href=\"https:\/\/www.sar-consulting.eu\/de\/dienstleistungen\/\" class=\"elementor-button-link elementor-button elementor-size-sm\" role=\"button\">\n\t\t\t\t\t\t<span class=\"elementor-button-content-wrapper\">\n\t\t\t\t\t\t<span class=\"elementor-button-text\">Unsere Leistungen<\/span>\n\t\t<\/span>\n\t\t\t\t\t<\/a>\n\t\t<\/div>\n\t\t\t\t<\/div>\n\t\t\t\t<\/div>\n\t\t\t\t\t<\/div>\n\t\t<\/div>\n\t\t\t\t<div class=\"elementor-column elementor-col-50 elementor-top-column elementor-element elementor-element-c50a96e\" data-id=\"c50a96e\" data-element_type=\"column\">\n\t\t\t<div class=\"elementor-widget-wrap\">\n\t\t\t\t\t\t\t\t\t<\/div>\n\t\t<\/div>\n\t\t\t\t\t\t\t<\/div>\n\t\t<\/section>\n\t\t\t\t\t\t\t<\/div>","protected":false},"excerpt":{"rendered":"<p>\u00dcber uns sar-consulting.eu, gegr\u00fcndet von Juliana Schmidt-Theurer, bietet professionelles Training und Beratung im Bereich der maritimen Suche und Rettung, um die Sicherheit auf See zu erh\u00f6hen. Wir bef\u00e4higen Kapit\u00e4ne und Offiziere und f\u00f6rdern die Zusammenarbeit mit SAR-Organisationen f\u00fcr erfolgreiche Rettungseins\u00e4tze. Erfahren Sie mehr Online-Meeting buchen Vorbereitung auf das Unerwartete: Engagierte maritime Trainingsdienste Visiomare GmbH (das Unternehmen hinter sar-consulting.eu), gegr\u00fcndet ...<\/p>\n<p class=\"read-more\"> <a class=\"\" href=\"https:\/\/www.sar-consulting.eu\/de\/uber\/\"> <span class=\"screen-reader-text\">\u00dcber uns<\/span> Mehr lesen \"<\/a><\/p>","protected":false},"author":1,"featured_media":712,"parent":0,"menu_order":0,"comment_status":"closed","ping_status":"closed","template":"","meta":{"site-sidebar-layout":"no-sidebar","site-content-layout":"page-builder","ast-global-header-display":"","ast-banner-title-visibility":"","ast-main-header-display":"","ast-hfb-above-header-display":"","ast-hfb-below-header-display":"","ast-hfb-mobile-header-display":"","site-post-title":"disabled","ast-breadcrumbs-content":"disabled","ast-featured-img":"disabled","footer-sml-layout":"","theme-transparent-header-meta":"enabled","adv-header-id-meta":"","stick-header-meta":"","header-above-stick-meta":"","header-main-stick-meta":"","header-below-stick-meta":""},"_links":{"self":[{"href":"https:\/\/www.sar-consulting.eu\/de\/wp-json\/wp\/v2\/pages\/310"}],"collection":[{"href":"https:\/\/www.sar-consulting.eu\/de\/wp-json\/wp\/v2\/pages"}],"about":[{"href":"https:\/\/www.sar-consulting.eu\/de\/wp-json\/wp\/v2\/types\/page"}],"author":[{"embeddable":true,"href":"https:\/\/www.sar-consulting.eu\/de\/wp-json\/wp\/v2\/users\/1"}],"replies":[{"embeddable":true,"href":"https:\/\/www.sar-consulting.eu\/de\/wp-json\/wp\/v2\/comments?post=310"}],"version-history":[{"count":0,"href":"https:\/\/www.sar-consulting.eu\/de\/wp-json\/wp\/v2\/pages\/310\/revisions"}],"wp:featuredmedia":[{"embeddable":true,"href":"https:\/\/www.sar-consulting.eu\/de\/wp-json\/wp\/v2\/media\/712"}],"wp:attachment":[{"href":"https:\/\/www.sar-consulting.eu\/de\/wp-json\/wp\/v2\/media?parent=310"}],"curies":[{"name":"wp","href":"https:\/\/api.w.org\/{rel}","templated":true}]}}