{"id":310,"date":"2021-11-04T10:21:53","date_gmt":"2021-11-04T10:21:53","guid":{"rendered":"https:\/\/www.sar-consulting.eu\/about\/"},"modified":"2023-05-27T08:32:49","modified_gmt":"2023-05-27T08:32:49","slug":"about","status":"publish","type":"page","link":"https:\/\/www.sar-consulting.eu\/da\/om\/","title":{"rendered":"Om"},"content":{"rendered":"<div data-elementor-type=\"wp-page\" data-elementor-id=\"310\" class=\"elementor elementor-310\">\n\t\t\t\t\t\t\t\t\t<section class=\"elementor-section elementor-top-section elementor-element elementor-element-e9dcefa elementor-section-height-min-height elementor-section-boxed elementor-section-height-default elementor-section-items-middle\" data-id=\"e9dcefa\" data-element_type=\"section\" data-settings=\"{&quot;background_background&quot;:&quot;classic&quot;}\">\n\t\t\t\t\t\t\t<div class=\"elementor-background-overlay\"><\/div>\n\t\t\t\t\t\t\t<div class=\"elementor-container elementor-column-gap-no\">\n\t\t\t\t\t<div class=\"elementor-column elementor-col-100 elementor-top-column elementor-element elementor-element-1e0c67f\" data-id=\"1e0c67f\" data-element_type=\"column\">\n\t\t\t<div class=\"elementor-widget-wrap elementor-element-populated\">\n\t\t\t\t\t\t\t\t<div class=\"elementor-element elementor-element-274ee19 elementor-widget elementor-widget-heading\" data-id=\"274ee19\" data-element_type=\"widget\" data-widget_type=\"heading.default\">\n\t\t\t\t<div class=\"elementor-widget-container\">\n\t\t\t<style>\/*! elementor - v3.13.3 - 22-05-2023 *\/\n.elementor-heading-title{padding:0;margin:0;line-height:1}.elementor-widget-heading .elementor-heading-title[class*=elementor-size-]>a{color:inherit;font-size:inherit;line-height:inherit}.elementor-widget-heading .elementor-heading-title.elementor-size-small{font-size:15px}.elementor-widget-heading .elementor-heading-title.elementor-size-medium{font-size:19px}.elementor-widget-heading .elementor-heading-title.elementor-size-large{font-size:29px}.elementor-widget-heading .elementor-heading-title.elementor-size-xl{font-size:39px}.elementor-widget-heading .elementor-heading-title.elementor-size-xxl{font-size:59px}<\/style><h1 class=\"elementor-heading-title elementor-size-xl\">Om os<\/h1>\t\t<\/div>\n\t\t\t\t<\/div>\n\t\t\t\t<div class=\"elementor-element elementor-element-63e70ed elementor-widget__width-initial elementor-widget elementor-widget-text-editor\" data-id=\"63e70ed\" data-element_type=\"widget\" data-widget_type=\"text-editor.default\">\n\t\t\t\t<div class=\"elementor-widget-container\">\n\t\t\t<style>\/*! elementor - v3.13.3 - 22-05-2023 *\/\n.elementor-widget-text-editor.elementor-drop-cap-view-stacked .elementor-drop-cap{background-color:#69727d;color:#fff}.elementor-widget-text-editor.elementor-drop-cap-view-framed .elementor-drop-cap{color:#69727d;border:3px solid;background-color:transparent}.elementor-widget-text-editor:not(.elementor-drop-cap-view-default) .elementor-drop-cap{margin-top:8px}.elementor-widget-text-editor:not(.elementor-drop-cap-view-default) .elementor-drop-cap-letter{width:1em;height:1em}.elementor-widget-text-editor .elementor-drop-cap{float:left;text-align:center;line-height:1;font-size:50px}.elementor-widget-text-editor .elementor-drop-cap-letter{display:inline-block}<\/style>\t\t\t\t<p>sar-consulting.eu, der er grundlagt af Juliana Schmidt-Theurer, tilbyder professionel s\u00f8redning og redningsuddannelse og r\u00e5dgivning for at \u00f8ge sikkerheden til s\u00f8s. Vi styrker kaptajner og officerer og fremmer samarbejdet med SAR-organisationer med henblik p\u00e5 vellykkede redningsoperationer.<\/p>\t\t\t\t\t\t<\/div>\n\t\t\t\t<\/div>\n\t\t\t\t<section class=\"elementor-section elementor-inner-section elementor-element elementor-element-44575fa elementor-section-boxed elementor-section-height-default elementor-section-height-default\" data-id=\"44575fa\" data-element_type=\"section\">\n\t\t\t\t\t\t<div class=\"elementor-container elementor-column-gap-no\">\n\t\t\t\t\t<div class=\"elementor-column elementor-col-100 elementor-inner-column elementor-element elementor-element-7b6a937\" data-id=\"7b6a937\" data-element_type=\"column\">\n\t\t\t<div class=\"elementor-widget-wrap elementor-element-populated\">\n\t\t\t\t\t\t\t\t<div class=\"elementor-element elementor-element-5a9a413 elementor-widget__width-initial elementor-widget elementor-widget-button\" data-id=\"5a9a413\" data-element_type=\"widget\" data-widget_type=\"button.default\">\n\t\t\t\t<div class=\"elementor-widget-container\">\n\t\t\t\t\t<div class=\"elementor-button-wrapper\">\n\t\t\t<a href=\"#getstarted\" class=\"elementor-button-link elementor-button elementor-size-sm\" role=\"button\">\n\t\t\t\t\t\t<span class=\"elementor-button-content-wrapper\">\n\t\t\t\t\t\t<span class=\"elementor-button-text\">F\u00e5 mere at vide<\/span>\n\t\t<\/span>\n\t\t\t\t\t<\/a>\n\t\t<\/div>\n\t\t\t\t<\/div>\n\t\t\t\t<\/div>\n\t\t\t\t<div class=\"elementor-element elementor-element-7184e45 elementor-widget__width-auto elementor-widget elementor-widget-button\" data-id=\"7184e45\" data-element_type=\"widget\" data-widget_type=\"button.default\">\n\t\t\t\t<div class=\"elementor-widget-container\">\n\t\t\t\t\t<div class=\"elementor-button-wrapper\">\n\t\t\t<a href=\"https:\/\/calendly.com\/d\/z84-8gx-3wg\/30min\" class=\"elementor-button-link elementor-button elementor-size-sm\" role=\"button\">\n\t\t\t\t\t\t<span class=\"elementor-button-content-wrapper\">\n\t\t\t\t\t\t<span class=\"elementor-button-text\">Book online-m\u00f8de<\/span>\n\t\t<\/span>\n\t\t\t\t\t<\/a>\n\t\t<\/div>\n\t\t\t\t<\/div>\n\t\t\t\t<\/div>\n\t\t\t\t\t<\/div>\n\t\t<\/div>\n\t\t\t\t\t\t\t<\/div>\n\t\t<\/section>\n\t\t\t\t\t<\/div>\n\t\t<\/div>\n\t\t\t\t\t\t\t<\/div>\n\t\t<\/section>\n\t\t\t\t<section class=\"elementor-section elementor-top-section elementor-element elementor-element-9ca55ae elementor-section-boxed elementor-section-height-default elementor-section-height-default\" data-id=\"9ca55ae\" data-element_type=\"section\" data-settings=\"{&quot;background_background&quot;:&quot;classic&quot;}\">\n\t\t\t\t\t\t<div class=\"elementor-container elementor-column-gap-no\">\n\t\t\t\t\t<div class=\"elementor-column elementor-col-50 elementor-top-column elementor-element elementor-element-285d1fe\" data-id=\"285d1fe\" data-element_type=\"column\">\n\t\t\t<div class=\"elementor-widget-wrap elementor-element-populated\">\n\t\t\t\t\t\t\t\t<div class=\"elementor-element elementor-element-6108ee1 elementor-widget elementor-widget-heading\" data-id=\"6108ee1\" data-element_type=\"widget\" data-widget_type=\"heading.default\">\n\t\t\t\t<div class=\"elementor-widget-container\">\n\t\t\t<h2 class=\"elementor-heading-title elementor-size-large\">Forberedelse p\u00e5 det uventede: Dedikerede maritime uddannelsestjenester<\/h2>\t\t<\/div>\n\t\t\t\t<\/div>\n\t\t\t\t<div class=\"elementor-element elementor-element-8c5d80c elementor-widget elementor-widget-menu-anchor\" data-id=\"8c5d80c\" data-element_type=\"widget\" data-widget_type=\"menu-anchor.default\">\n\t\t\t\t<div class=\"elementor-widget-container\">\n\t\t\t<style>\/*! elementor - v3.13.3 - 22-05-2023 *\/\nbody.elementor-page .elementor-widget-menu-anchor{margin-bottom:0}<\/style>\t\t<div id=\"getstarted\" class=\"elementor-menu-anchor\"><\/div>\n\t\t\t\t<\/div>\n\t\t\t\t<\/div>\n\t\t\t\t<div class=\"elementor-element elementor-element-316c73b elementor-widget elementor-widget-text-editor\" data-id=\"316c73b\" data-element_type=\"widget\" data-widget_type=\"text-editor.default\">\n\t\t\t\t<div class=\"elementor-widget-container\">\n\t\t\t\t\t\t\t<p>Visiomare GmbH (virksomheden bag sar-consulting.eu), der blev grundlagt af Juliana Schmidt-Theurer i 2022, har til form\u00e5l at etablere professionelle maritime efters\u00f8gnings- og redningsoperationer inden for kommerciel skibsfart. Med fokus p\u00e5 at \u00f8ge sikkerheden til s\u00f8s tilbyder visiomare omfattende efters\u00f8gnings- og redningsuddannelse til kaptajner, officerer og personale fra forskellige institutioner. Denne uddannelse s\u00e6tter dem i stand til ikke blot at reagere, men ogs\u00e5 at tr\u00e6ffe proaktive foranstaltninger i n\u00f8dsituationer, hvilket fremmer et effektivt samarbejde med SAR-organisationer og sikrer, at s\u00f8folk vender sikkert tilbage til deres hjemsted.<\/p>\t\t\t\t\t\t<\/div>\n\t\t\t\t<\/div>\n\t\t\t\t<div class=\"elementor-element elementor-element-7d7b8ca elementor-widget elementor-widget-text-editor\" data-id=\"7d7b8ca\" data-element_type=\"widget\" data-widget_type=\"text-editor.default\">\n\t\t\t\t<div class=\"elementor-widget-container\">\n\t\t\t\t\t\t\tJuliana Schmidt-Theurer, der er f\u00f8dt i Berlin og opvokset p\u00e5 Barbados, indledte sin maritime karriere efter at have opn\u00e5et et diplom i ingeni\u00f8rvidenskab med en kvalifikation for s\u00f8transport fra Hochschule Bremen. Hun arbejdede med <a href=\"https:\/\/www.hl-cruises.com\" target=\"_blank\" rel=\"noopener\">Hapag Lloyd Cruises<\/a> p\u00e5 \"MS Bremen\" sejlede hun p\u00e5 unikke ruter som Nord\u00f8stpassagen, Nordvestpassagen, Sydhavet og Amazonfloden.\t\t\t\t\t\t<\/div>\n\t\t\t\t<\/div>\n\t\t\t\t<div class=\"elementor-element elementor-element-da3fc98 elementor-widget elementor-widget-text-editor\" data-id=\"da3fc98\" data-element_type=\"widget\" data-widget_type=\"text-editor.default\">\n\t\t\t\t<div class=\"elementor-widget-container\">\n\t\t\t\t\t\t\t<p>I 2017 gik Juliana over til landbaseret arbejde og begyndte at arbejde for Maritime Rescue Coordination Center (<a href=\"https:\/\/de.wikipedia.org\/wiki\/Rettungsleitstelle_See\" target=\"_blank\" rel=\"noopener\">MRCC Bremen<\/a>\/DGzRS). I begyndelsen af 2020'erne p\u00e5tog hun sig to roller, idet hun beholdt sin stilling i MRCC og samtidig gik ind i uddannelse. Som certificeret underviser i simulatorcentret p\u00e5 DGzRS's s\u00f8redningsakademi spillede hun en afg\u00f8rende rolle i udviklingen og gennemf\u00f8relsen af kurser som f.eks. <a href=\"https:\/\/www.visiomare.com\/on-scene-coordinator-training-basic\/\" target=\"_blank\" rel=\"noopener\">OSC Basic<\/a>, Avanceret og genopfriskning. Derudover har hun udviklet omfattende uddannelseskoncepter p\u00e5 engelsk for s\u00f8farende med henblik p\u00e5 DGzRS-kollegernes faglige udvikling.<\/p>\t\t\t\t\t\t<\/div>\n\t\t\t\t<\/div>\n\t\t\t\t<div class=\"elementor-element elementor-element-581a33f elementor-widget elementor-widget-text-editor\" data-id=\"581a33f\" data-element_type=\"widget\" data-widget_type=\"text-editor.default\">\n\t\t\t\t<div class=\"elementor-widget-container\">\n\t\t\t\t\t\t\tHos sar-consulting.eu er vi mere end blot et team; vi er en ledestjerne i den maritime industri, der er dedikeret til at levere professionel og f\u00f8rsteklasses uddannelse. Vores mission er at udstyre alle organisationer med de f\u00e6rdigheder og den viden, der skal til for at navigere i n\u00f8dsituationer med tillid og effektivitet. Vi samarbejder med forskellige myndigheder, herunder vandpolitiet, forbundspolitiet, fl\u00e5den, toldv\u00e6senet og s\u00f8piloter, hvilket muligg\u00f8r samarbejde med SAR-organisationer og optimerer redningsoperationer. Gennem den rette ekspertise, omfattende erfaring og l\u00f8bende uddannelse er vi fast overbevist om, at enhver n\u00f8dsituation kan h\u00e5ndteres taktfuldt og l\u00f8ses med succes.\t\t\t\t\t\t<\/div>\n\t\t\t\t<\/div>\n\t\t\t\t<div class=\"elementor-element elementor-element-275b551 elementor-widget elementor-widget-text-editor\" data-id=\"275b551\" data-element_type=\"widget\" data-widget_type=\"text-editor.default\">\n\t\t\t\t<div class=\"elementor-widget-container\">\n\t\t\t\t\t\t\t<strong>Hos sar-consulting.eu er sikkerhed ikke bare vores prioritet; det er vores ufravigelige forpligtelse over for alle s\u00f8m\u00e6nd p\u00e5 havet.<\/strong>\t\t\t\t\t\t<\/div>\n\t\t\t\t<\/div>\n\t\t\t\t<div class=\"elementor-element elementor-element-a321aa5 elementor-widget elementor-widget-button\" data-id=\"a321aa5\" data-element_type=\"widget\" data-widget_type=\"button.default\">\n\t\t\t\t<div class=\"elementor-widget-container\">\n\t\t\t\t\t<div class=\"elementor-button-wrapper\">\n\t\t\t<a href=\"https:\/\/www.sar-consulting.eu\/da\/tjenester\/\" class=\"elementor-button-link elementor-button elementor-size-sm\" role=\"button\">\n\t\t\t\t\t\t<span class=\"elementor-button-content-wrapper\">\n\t\t\t\t\t\t<span class=\"elementor-button-text\">Vores tjenester<\/span>\n\t\t<\/span>\n\t\t\t\t\t<\/a>\n\t\t<\/div>\n\t\t\t\t<\/div>\n\t\t\t\t<\/div>\n\t\t\t\t\t<\/div>\n\t\t<\/div>\n\t\t\t\t<div class=\"elementor-column elementor-col-50 elementor-top-column elementor-element elementor-element-c50a96e\" data-id=\"c50a96e\" data-element_type=\"column\">\n\t\t\t<div class=\"elementor-widget-wrap\">\n\t\t\t\t\t\t\t\t\t<\/div>\n\t\t<\/div>\n\t\t\t\t\t\t\t<\/div>\n\t\t<\/section>\n\t\t\t\t\t\t\t<\/div>","protected":false},"excerpt":{"rendered":"<p>Om os sar-consulting.eu er grundlagt af Juliana Schmidt-Theurer og tilbyder professionel maritim efters\u00f8gnings- og redningstr\u00e6ning og r\u00e5dgivning for at \u00f8ge sikkerheden til s\u00f8s. Vi styrker kaptajner og officerer og fremmer samarbejdet med SAR-organisationer for at sikre vellykkede redningsaktioner. L\u00e6s mere Book online-m\u00f8de Forbered dig p\u00e5 det uventede: Dedikerede maritime tr\u00e6ningstjenester Visiomare GmbH (virksomheden bag sar-consulting.eu), grundlagt ...<\/p>\n<p class=\"read-more\"> <a class=\"\" href=\"https:\/\/www.sar-consulting.eu\/da\/om\/\"> <span class=\"screen-reader-text\">Om<\/span> Read More &raquo;<\/a><\/p>","protected":false},"author":1,"featured_media":712,"parent":0,"menu_order":0,"comment_status":"closed","ping_status":"closed","template":"","meta":{"site-sidebar-layout":"no-sidebar","site-content-layout":"page-builder","ast-global-header-display":"","ast-banner-title-visibility":"","ast-main-header-display":"","ast-hfb-above-header-display":"","ast-hfb-below-header-display":"","ast-hfb-mobile-header-display":"","site-post-title":"disabled","ast-breadcrumbs-content":"disabled","ast-featured-img":"disabled","footer-sml-layout":"","theme-transparent-header-meta":"enabled","adv-header-id-meta":"","stick-header-meta":"","header-above-stick-meta":"","header-main-stick-meta":"","header-below-stick-meta":""},"_links":{"self":[{"href":"https:\/\/www.sar-consulting.eu\/da\/wp-json\/wp\/v2\/pages\/310"}],"collection":[{"href":"https:\/\/www.sar-consulting.eu\/da\/wp-json\/wp\/v2\/pages"}],"about":[{"href":"https:\/\/www.sar-consulting.eu\/da\/wp-json\/wp\/v2\/types\/page"}],"author":[{"embeddable":true,"href":"https:\/\/www.sar-consulting.eu\/da\/wp-json\/wp\/v2\/users\/1"}],"replies":[{"embeddable":true,"href":"https:\/\/www.sar-consulting.eu\/da\/wp-json\/wp\/v2\/comments?post=310"}],"version-history":[{"count":0,"href":"https:\/\/www.sar-consulting.eu\/da\/wp-json\/wp\/v2\/pages\/310\/revisions"}],"wp:featuredmedia":[{"embeddable":true,"href":"https:\/\/www.sar-consulting.eu\/da\/wp-json\/wp\/v2\/media\/712"}],"wp:attachment":[{"href":"https:\/\/www.sar-consulting.eu\/da\/wp-json\/wp\/v2\/media?parent=310"}],"curies":[{"name":"wp","href":"https:\/\/api.w.org\/{rel}","templated":true}]}}